{"id":11354,"date":"2026-03-09T10:20:29","date_gmt":"2026-03-09T10:20:29","guid":{"rendered":"https:\/\/expeditions.againstthecompass.com\/?page_id=11354"},"modified":"2026-03-19T18:22:31","modified_gmt":"2026-03-19T18:22:31","slug":"tours-privados","status":"publish","type":"page","link":"https:\/\/expeditions.againstthecompass.com\/es\/tours-privados\/","title":{"rendered":"Tours privados"},"content":{"rendered":"\n<div style=\"height:68px\" aria-hidden=\"true\" class=\"wp-block-spacer\"><\/div>\n\n\n\n<p class=\"has-text-align-center\" style=\"font-size:23px\">Adem\u00e1s de nuestras expediciones en grupo con fechas programadas, en Against the Compass tambi\u00e9n ofrecemos viajes privados y personalizados para personas que viajan solas, parejas y grupos de amigos.<\/p>\n\n\n\n<p class=\"has-text-align-center\" style=\"font-size:23px\">Gracias a nuestra creciente red de contactos, que incluye gu\u00edas locales y <em>fixers<\/em>, podemos organizar una aventura privada y personalizada en casi cualquier destino donde realizamos <strong><a href=\"https:\/\/expeditions.againstthecompass.com\/es\/destinos\/\" target=\"_blank\" rel=\"noreferrer noopener\">expediciones en grupo.<\/a><\/strong><\/p>\n\n\n\n<div style=\"height:22px\" aria-hidden=\"true\" class=\"wp-block-spacer\"><\/div>\n\n\n\n<div class=\"wp-block-group alignfull d-flex flex-column has-background\" style=\"background-color:#f1f1f1\"><div class=\"wp-block-group__inner-container is-layout-constrained wp-block-group-is-layout-constrained\">\n<h3 class=\"wp-block-heading has-text-align-center has-primary-color has-text-color\">Cu\u00e1ndo reservar un viaje privado<\/h3>\n\n\n\n<div style=\"margin-bottom:30px;height:0px\" aria-hidden=\"true\" class=\"wp-block-spacer white-spacer\"><\/div>\n\n\n\n<div class=\"wp-block-columns row mw-100 is-layout-flex wp-container-core-columns-is-layout-28f84493 wp-block-columns-is-layout-flex\">\n<div class=\"wp-block-column col rounded-4 p-3 p-md-5 has-white-background-color has-background is-layout-flow wp-block-column-is-layout-flow\">\n<p class=\"has-text-align-center has-text-color has-larger-font-size\" style=\"color:#31551d\"><i class=\"fas fa-hourglass-half\"><\/i><\/p>\n\n\n\n<p class=\"has-text-align-center has-normal-font-size\">Cuando las fechas de nuestras expediciones programadas no te vienen bien.<\/p>\n<\/div>\n\n\n\n<div class=\"wp-block-column col rounded-4 p-3 p-md-5 has-white-background-color has-background is-layout-flow wp-block-column-is-layout-flow\">\n<p class=\"has-text-align-center has-text-color has-larger-font-size\" style=\"color:#31551d\"><i class=\"fas fa-walking\"><\/i><\/p>\n\n\n\n<p class=\"has-text-align-center has-normal-font-size\">Cuando prefieres viajar solo o con amigos y\/o en pareja, en lugar de unirte a un grupo de desconocidos.<\/p>\n<\/div>\n\n\n\n<div class=\"wp-block-column col rounded-4 p-3 p-md-5 has-white-background-color has-background is-layout-flow wp-block-column-is-layout-flow\">\n<p class=\"has-text-align-center has-text-color has-larger-font-size\" style=\"color:#31551d\"><i class=\"fas fa-map-marked-alt\"><\/i><\/p>\n\n\n\n<p class=\"has-text-align-center has-normal-font-size\">Cuando prefieres viajar solo o con amigos y\/o en pareja, en lugar de unirte a un grupo de desconocidos.<\/p>\n<\/div>\n<\/div>\n<\/div><\/div>\n\n\n\n<div style=\"height:30px\" aria-hidden=\"true\" class=\"wp-block-spacer\"><\/div>\n\n\n\n<div class=\"wp-block-group has-background is-vertical is-content-justification-center is-layout-flex wp-container-core-group-is-layout-582cdc1d wp-block-group-is-layout-flex\" style=\"border-width:4px;border-radius:11px;background-color:#f8fff5;margin-top:0;margin-bottom:0\">\n<div style=\"height:30px;width:0px\" aria-hidden=\"true\" class=\"wp-block-spacer wp-container-content-cf2db169\"><\/div>\n\n\n\n<h3 class=\"wp-block-heading\">Reservar un viaje privado<\/h3>\n\n\n\n<p class=\"has-text-align-center\">Desde viajes cortos hasta aventuras de varios d\u00edas, podemos planificar (casi) cualquier tipo de aventura seg\u00fan tus necesidades, en cualquier \u00e9poca del a\u00f1o.<\/p>\n\n\n\n<div class=\"wp-block-buttons is-layout-flex wp-block-buttons-is-layout-flex\">\n<div class=\"wp-block-button has-custom-width wp-block-button__width-100 openBookingModal is-style-outline is-style-outline--1\"><a class=\"wp-block-button__link has-primary-color has-text-color has-background has-link-color wp-element-button\" href=\"https:\/\/expeditions.againstthecompass.com\/es\/contacto\/\" style=\"border-top-left-radius:0px;border-top-right-radius:0px;border-bottom-left-radius:0px;border-bottom-right-radius:0px;background-color:#ffd9d9\" target=\"_blank\" rel=\"noreferrer noopener\">SOLICITAR UN VIAJE PRIVADO<\/a><\/div>\n<\/div>\n\n\n\n<div class=\"wp-block-group\"><div class=\"wp-block-group__inner-container is-layout-constrained wp-block-group-is-layout-constrained\">\n<div style=\"margin-bottom:30px;height:0px\" aria-hidden=\"true\" class=\"wp-block-spacer white-spacer\"><\/div>\n\n\n\n<div class=\"wp-block-columns row flex-wrap max-cols-3 mw-100 is-layout-flex wp-container-core-columns-is-layout-28f84493 wp-block-columns-is-layout-flex\">\n<div class=\"wp-block-column col rounded-4 p-3 p-md-5 has-background is-layout-flow wp-block-column-is-layout-flow\" style=\"background-color:#d4d4d4\">\n<p class=\"has-text-align-center has-text-color has-larger-font-size\" style=\"color:#31551d\"><i class=\"fas fa-hourglass-half\"><\/i><\/p>\n\n\n\n<h5 class=\"wp-block-heading has-text-align-center has-primary-color has-text-color\">Cu\u00e9ntanos tus fechas<\/h5>\n\n\n\n<p class=\"has-text-align-center\">\u00bfCu\u00e1ndo quieres viajar y cu\u00e1ntos d\u00edas?<\/p>\n<\/div>\n\n\n\n<div class=\"wp-block-column col rounded-4 p-3 p-md-5 has-background is-layout-flow wp-block-column-is-layout-flow\" style=\"background-color:#d4d4d4\">\n<p class=\"has-text-align-center has-text-color has-larger-font-size\" style=\"color:#31551d\"><i class=\"fas fa-users\"><\/i><\/p>\n\n\n\n<h5 class=\"wp-block-heading has-text-align-center has-primary-color has-text-color\">\u00bfCu\u00e1ntos viajeros?<\/h5>\n\n\n\n<p class=\"has-text-align-center\">\u00bfViajas solo o con alguien m\u00e1s?<\/p>\n<\/div>\n\n\n\n<div class=\"wp-block-column col rounded-4 p-3 p-md-5 has-background is-layout-flow wp-block-column-is-layout-flow\" style=\"background-color:#d4d4d4\">\n<p class=\"has-text-align-center has-text-color has-larger-font-size\" style=\"color:#31551d\"><i class=\"fas fa-mosque\"><\/i><\/p>\n\n\n\n<h5 class=\"wp-block-heading has-text-align-center has-primary-color has-text-color\">\u00bfQu\u00e9 lugares quieres visitar?<\/h5>\n\n\n\n<p class=\"has-text-align-center\">Dise\u00f1aremos el itinerario perfecto seg\u00fan tus necesidades.<\/p>\n<\/div>\n<\/div>\n<\/div><\/div>\n<\/div>\n\n\n\n<div style=\"height:47px\" aria-hidden=\"true\" class=\"wp-block-spacer\"><\/div>\n","protected":false},"excerpt":{"rendered":"<p>Adem\u00e1s de nuestras expediciones en grupo con fechas programadas, en Against the Compass tambi\u00e9n ofrecemos viajes privados y personalizados para personas que viajan solas, parejas y grupos de amigos. Gracias a nuestra creciente red de contactos, que incluye gu\u00edas locales y fixers, podemos organizar una aventura privada y personalizada en casi cualquier destino donde realizamos [&hellip;]<\/p>\n","protected":false},"author":8,"featured_media":11352,"parent":0,"menu_order":0,"comment_status":"closed","ping_status":"closed","template":"","meta":{"_acf_changed":false,"footnotes":""},"class_list":["post-11354","page","type-page","status-publish","has-post-thumbnail","hentry"],"acf":[],"_links":{"self":[{"href":"https:\/\/expeditions.againstthecompass.com\/es\/wp-json\/wp\/v2\/pages\/11354","targetHints":{"allow":["GET"]}}],"collection":[{"href":"https:\/\/expeditions.againstthecompass.com\/es\/wp-json\/wp\/v2\/pages"}],"about":[{"href":"https:\/\/expeditions.againstthecompass.com\/es\/wp-json\/wp\/v2\/types\/page"}],"author":[{"embeddable":true,"href":"https:\/\/expeditions.againstthecompass.com\/es\/wp-json\/wp\/v2\/users\/8"}],"replies":[{"embeddable":true,"href":"https:\/\/expeditions.againstthecompass.com\/es\/wp-json\/wp\/v2\/comments?post=11354"}],"version-history":[{"count":3,"href":"https:\/\/expeditions.againstthecompass.com\/es\/wp-json\/wp\/v2\/pages\/11354\/revisions"}],"predecessor-version":[{"id":12907,"href":"https:\/\/expeditions.againstthecompass.com\/es\/wp-json\/wp\/v2\/pages\/11354\/revisions\/12907"}],"wp:featuredmedia":[{"embeddable":true,"href":"https:\/\/expeditions.againstthecompass.com\/es\/wp-json\/wp\/v2\/media\/11352"}],"wp:attachment":[{"href":"https:\/\/expeditions.againstthecompass.com\/es\/wp-json\/wp\/v2\/media?parent=11354"}],"curies":[{"name":"wp","href":"https:\/\/api.w.org\/{rel}","templated":true}]}}