{"id":2244,"date":"2022-09-13T12:25:57","date_gmt":"2022-09-13T12:25:57","guid":{"rendered":"https:\/\/expeditions.againstthecompass.com\/travel-insurance\/"},"modified":"2023-03-07T18:01:06","modified_gmt":"2023-03-07T18:01:06","slug":"seguro-viaje","status":"publish","type":"page","link":"https:\/\/expeditions.againstthecompass.com\/es\/seguro-viaje\/","title":{"rendered":"Seguro de Viaje"},"content":{"rendered":"\n<h2 class=\"wp-block-heading has-text-align-center\">\u00bfQu\u00e9 seguro de viaje te recomiendo?<\/h2>\n\n\n\n<p>Tanto si te unes a uno de nuestros viajes, como si viajas por tu cuenta, quiz\u00e1 te interese buscar un seguro de viaje adecuado. <\/p>\n\n\n\n<p>Yo siempre recomiendo <strong><a href=\"http:\/\/www.iatiseguros.com\/?r=30867932099453&amp;cmp=expedition_es\" target=\"_blank\" rel=\"noreferrer noopener nofollow sponsored\">IATI Seguros<\/a><\/strong>. <\/p>\n\n\n\n<p>Against the Compass lleva ya varios a\u00f1os colaborando con IATI, recomend\u00e1ndolo a todos nuestros lectores, adem\u00e1s de cubrir todos los viajes personales de Joan Torres. <\/p>\n\n\n\n<p>Nos gusta porque:<\/p>\n\n\n\n<ul class=\"wp-block-list\">\n<li>Incluye todos los pa\u00edses a los que la FCDO desaconseja viajar, incluyendo <a href=\"https:\/\/expeditions.againstthecompass.com\/es\/destinations\/siria\/\"><strong>Siria<\/strong><\/a>, <a href=\"https:\/\/expeditions.againstthecompass.com\/es\/destinations\/iraq-federal\/\"><strong>Irak<\/strong><\/a>, <a href=\"https:\/\/expeditions.againstthecompass.com\/es\/destinations\/mali\/\"><strong>Mali<\/strong><\/a> o <a href=\"https:\/\/expeditions.againstthecompass.com\/es\/destinations\/afganistan\/\"><strong>Afganist\u00e1n<\/strong><\/a>.<\/li>\n\n\n\n<li>Cubre viajes de hasta 1 a\u00f1o, perfecto para mochileros de larga duraci\u00f3n.<\/li>\n\n\n\n<li>Pueden adquirirlo casi todas las nacionalidades<\/li>\n\n\n\n<li>Tambi\u00e9n cubre a personas mayores<\/li>\n\n\n\n<li>Es muy vers\u00e1til, ofrece desde planes de aventura y familiares hasta viajes por carretera.<\/li>\n<\/ul>\n\n\n\n<p>Los lectores de Against the Compass pueden beneficiarse de un <strong>descuento del 5%:<\/strong><\/p>\n\n\n\n<div style=\"height:19px\" aria-hidden=\"true\" class=\"wp-block-spacer\"><\/div>\n\n\n\n<div class=\"wp-block-buttons is-layout-flex wp-block-buttons-is-layout-flex\">\n<div class=\"wp-block-button\"><a class=\"wp-block-button__link has-background wp-element-button\" href=\"http:\/\/www.iatiseguros.com\/?r=30867932099453&amp;cmp=expedition_es\" style=\"background-color:#0c9500\" target=\"_blank\" rel=\"noreferrer noopener nofollow sponsored\">PIDE PRESUPUESTO AQU\u00cd Y RECLAMA TU DESCUENTO<\/a><\/div>\n<\/div>\n\n\n\n<div style=\"height:96px\" aria-hidden=\"true\" class=\"wp-block-spacer\"><\/div>\n","protected":false},"excerpt":{"rendered":"<p>\u00bfQu\u00e9 seguro de viaje te recomiendo? Tanto si te unes a uno de nuestros viajes, como si viajas por tu cuenta, quiz\u00e1 te interese buscar un seguro de viaje adecuado. Yo siempre recomiendo IATI Seguros. Against the Compass lleva ya varios a\u00f1os colaborando con IATI, recomend\u00e1ndolo a todos nuestros lectores, adem\u00e1s de cubrir todos los [&hellip;]<\/p>\n","protected":false},"author":2,"featured_media":2073,"parent":0,"menu_order":0,"comment_status":"closed","ping_status":"closed","template":"","meta":{"_acf_changed":false,"footnotes":""},"class_list":["post-2244","page","type-page","status-publish","has-post-thumbnail","hentry"],"acf":[],"_links":{"self":[{"href":"https:\/\/expeditions.againstthecompass.com\/es\/wp-json\/wp\/v2\/pages\/2244","targetHints":{"allow":["GET"]}}],"collection":[{"href":"https:\/\/expeditions.againstthecompass.com\/es\/wp-json\/wp\/v2\/pages"}],"about":[{"href":"https:\/\/expeditions.againstthecompass.com\/es\/wp-json\/wp\/v2\/types\/page"}],"author":[{"embeddable":true,"href":"https:\/\/expeditions.againstthecompass.com\/es\/wp-json\/wp\/v2\/users\/2"}],"replies":[{"embeddable":true,"href":"https:\/\/expeditions.againstthecompass.com\/es\/wp-json\/wp\/v2\/comments?post=2244"}],"version-history":[{"count":4,"href":"https:\/\/expeditions.againstthecompass.com\/es\/wp-json\/wp\/v2\/pages\/2244\/revisions"}],"predecessor-version":[{"id":2512,"href":"https:\/\/expeditions.againstthecompass.com\/es\/wp-json\/wp\/v2\/pages\/2244\/revisions\/2512"}],"wp:featuredmedia":[{"embeddable":true,"href":"https:\/\/expeditions.againstthecompass.com\/es\/wp-json\/wp\/v2\/media\/2073"}],"wp:attachment":[{"href":"https:\/\/expeditions.againstthecompass.com\/es\/wp-json\/wp\/v2\/media?parent=2244"}],"curies":[{"name":"wp","href":"https:\/\/api.w.org\/{rel}","templated":true}]}}