{"id":2246,"date":"2022-07-30T15:37:36","date_gmt":"2022-07-30T15:37:36","guid":{"rendered":"https:\/\/expeditions.againstthecompass.com\/about\/"},"modified":"2025-07-24T11:06:21","modified_gmt":"2025-07-24T11:06:21","slug":"acerca","status":"publish","type":"page","link":"https:\/\/expeditions.againstthecompass.com\/es\/acerca\/","title":{"rendered":"Acerca de"},"content":{"rendered":"\n<h3 class=\"wp-block-heading has-text-align-center\">Somos una agencia de viajes \u00fanica<\/h3>\n\n\n\n<div class=\"wp-block-columns is-layout-flex wp-container-core-columns-is-layout-28f84493 wp-block-columns-is-layout-flex\">\n<div class=\"wp-block-column is-layout-flow wp-block-column-is-layout-flow\"><\/div>\n\n\n\n<div class=\"wp-block-column is-layout-flow wp-block-column-is-layout-flow\" style=\"flex-basis:66%\">\n<p class=\"has-text-align-center\" style=\"font-size:22px\">EXPEDICIONES Against the Compass es una agencia de viajes con sede en Barcelona experta en llevar a grupos de viajeros a destinos muy ins\u00f3litos, en pa\u00edses como Siria, Irak o Mal\u00ed, por nombrar solo algunos, destinos que no suelen aparecer en la lista de deseos de la mayor\u00eda de gente.<\/p>\n<\/div>\n\n\n\n<div class=\"wp-block-column is-layout-flow wp-block-column-is-layout-flow\"><\/div>\n<\/div>\n\n\n\n<div class=\"wp-block-columns alignfull has-background is-layout-flex wp-container-core-columns-is-layout-28f84493 wp-block-columns-is-layout-flex\" style=\"border-radius:0px;background-color:#f1f1f1\">\n<div class=\"wp-block-column is-layout-flow wp-block-column-is-layout-flow\" style=\"flex-basis:8%\"><\/div>\n\n\n\n<div class=\"wp-block-column is-layout-flow wp-block-column-is-layout-flow\">\n<div style=\"height:62px\" aria-hidden=\"true\" class=\"wp-block-spacer\"><\/div>\n\n\n\n<h2 class=\"wp-block-heading has-text-color\" style=\"color:#31551d;text-transform:capitalize\">por Joan Torres<\/h2>\n\n\n\n<p class=\"has-primary-color has-text-color has-normal-font-size\"><mark style=\"background-color:rgba(0, 0, 0, 0)\" class=\"has-inline-color has-primary-color\">EXPEDICIONES Against the Compass fue fundada por Joan Torres, el creador del<\/mark> <a href=\"https:\/\/againstthecompass.com\/es\/\" data-type=\"URL\" data-id=\"https:\/\/againstthecompass.com\/en\/\" target=\"_blank\" rel=\"noreferrer noopener\"><mark style=\"background-color:rgba(0, 0, 0, 0);color:#31551d\" class=\"has-inline-color\"><strong>blog de viajes Against the Compass<\/strong><\/mark><\/a> y escritor habitual de Lonely Planet.<\/p>\n\n\n\n<p class=\"has-normal-font-size\">Viviendo actualmente en Barcelona, Joan Torres no ha parado de viajar desde 2014, centr\u00e1ndose especialmente en pa\u00edses inusuales, revelando la belleza y el potencial de algunos de los pa\u00edses m\u00e1s incomprendidos del mundo, desde <a href=\"https:\/\/expeditions.againstthecompass.com\/es\/?post_type=destinations&#038;p=2504\"><strong>Mali<\/strong><\/a> hasta <a href=\"https:\/\/expeditions.againstthecompass.com\/es\/destinations\/siria\/\"><strong>Siria<\/strong><\/a>, <a href=\"https:\/\/expeditions.againstthecompass.com\/es\/destinations\/iraq-federal\/\"><strong>Irak<\/strong><\/a>, y <a href=\"https:\/\/expeditions.againstthecompass.com\/es\/destinations\/afganistan\/\"><strong>Afganist\u00e1n<\/strong><\/a>.<\/p>\n\n\n\n<p class=\"has-normal-font-size\">Tras trabajar en su blog durante m\u00e1s de 5 a\u00f1os, escribiendo gu\u00edas de viaje exhaustivas y consejos para esos destinos, al mismo tiempo que cre\u00f3 una fiel comunidad de lectores, Joan Torres decidi\u00f3 abrir una empresa de viajes en un intento de ayudar a otros viajeros a hacer lo mismo.<\/p>\n<\/div>\n\n\n\n<div class=\"wp-block-column is-layout-flow wp-block-column-is-layout-flow\"><div class=\"wp-block-image is-resized\">\n<figure class=\"aligncenter size-large has-custom-border\"><picture><source srcset=\"https:\/\/expeditions.againstthecompass.com\/wp-content\/uploads\/2022\/08\/DSC_8225-684x1024.avif\" type=\"image\/avif\"><source srcset=\"https:\/\/expeditions.againstthecompass.com\/wp-content\/uploads\/2022\/08\/DSC_8225-684x1024.jpg\" type=\"image\/jpeg\"><img decoding=\"async\" src=\"https:\/\/expeditions.againstthecompass.com\/wp-content\/uploads\/2022\/08\/DSC_8225-684x1024.jpg\" alt=\"Joan Torres Against the Compass expeditions\" class=\"wp-image-127\" style=\"border-radius:16px;width:403px;height:auto\"><\/picture><\/figure>\n<\/div><\/div>\n<\/div>\n\n\n\n<div style=\"height:26px\" aria-hidden=\"true\" class=\"wp-block-spacer\"><\/div>\n\n\n\n<h3 class=\"wp-block-heading has-text-align-center\">Against the Compass ha aparecido en<\/h3>\n\n\n<div class=\"wp-block-image\">\n<figure class=\"aligncenter size-large is-resized\"><a href=\"https:\/\/againstthecompass.com\/es\/prensa\/\" target=\"_blank\" rel=\"noreferrer noopener\"><picture><source srcset=\"https:\/\/expeditions.againstthecompass.com\/wp-content\/uploads\/2024\/04\/spanish-As-seen-in-04042024-1024x217.avif\" type=\"image\/avif\"><source srcset=\"https:\/\/expeditions.againstthecompass.com\/wp-content\/uploads\/2024\/04\/spanish-As-seen-in-04042024-1024x217.jpg\" type=\"image\/jpeg\"><img decoding=\"async\" src=\"https:\/\/expeditions.againstthecompass.com\/wp-content\/uploads\/2024\/04\/spanish-As-seen-in-04042024-1024x217.jpg\" alt class=\"wp-image-4778\" style=\"width:882px;height:auto\"><\/picture><\/a><\/figure>\n<\/div>\n\n\n<div style=\"height:27px\" aria-hidden=\"true\" class=\"wp-block-spacer\"><\/div>\n\n\n\n<div class=\"wp-block-columns alignfull has-background is-layout-flex wp-container-core-columns-is-layout-28f84493 wp-block-columns-is-layout-flex\" style=\"background-color:#31541d\">\n<div class=\"wp-block-column is-layout-flow wp-block-column-is-layout-flow\" style=\"flex-basis:5%\"><\/div>\n\n\n\n<div class=\"wp-block-column is-vertically-aligned-center is-layout-flow wp-block-column-is-layout-flow\" style=\"flex-basis:15%\">\n<p class=\"has-text-color has-link-color wp-elements-d34c85b61c356043b4758ac23af91094\" style=\"color:#fdfdfd;font-size:20px\">ENT\u00c9RATE DE LAS PR\u00d3XIMAS EXPEDICIONES<\/p>\n<\/div>\n\n\n\n<div class=\"wp-block-column is-layout-flow wp-block-column-is-layout-flow\" style=\"flex-basis:70%\"><div class=\"convertkit-form wp-block-convertkit-form\" style=\"\"><script async data-uid=\"c177669c73\" src=\"https:\/\/exceptional-creator-2216.kit.com\/c177669c73\/index.js\" data-jetpack-boost=\"ignore\" data-no-defer=\"1\" nowprocket><\/script><\/div><\/div>\n<\/div>\n\n\n\n<h2 class=\"wp-block-heading has-text-align-center\">nuestras <a href=\"https:\/\/expeditions.againstthecompass.com\/es\/?page_id=2218\">expediciones<\/a><\/h2>\n\n\n<div class=\"wp-block-image\">\n<figure class=\"aligncenter size-large\"><picture><source srcset=\"https:\/\/expeditions.againstthecompass.com\/wp-content\/uploads\/2023\/12\/DSC01687-21-1024x683.avif\" type=\"image\/avif\"><source srcset=\"https:\/\/expeditions.againstthecompass.com\/wp-content\/uploads\/2023\/12\/DSC01687-21-1024x683.jpg\" type=\"image\/jpeg\"><img decoding=\"async\" src=\"https:\/\/expeditions.againstthecompass.com\/wp-content\/uploads\/2023\/12\/DSC01687-21-1024x683.jpg\" alt=\"About Against the Compass\" class=\"wp-image-4108\"><\/picture><figcaption class=\"wp-element-caption\">Uno de los grupos en Afganist\u00e1n<\/figcaption><\/figure>\n<\/div>\n\n\n<div class=\"wp-block-columns is-layout-flex wp-container-core-columns-is-layout-28f84493 wp-block-columns-is-layout-flex\">\n<div class=\"wp-block-column is-layout-flow wp-block-column-is-layout-flow\" style=\"flex-basis:15%\"><\/div>\n\n\n\n<div class=\"wp-block-column is-layout-flow wp-block-column-is-layout-flow\" style=\"flex-basis:70%\">\n<p>A pesar de ser una agencia relativamente joven, hemos crecido mucho en solo 3 a\u00f1os, organizando una media de 30 tours al a\u00f1o.<\/p>\n\n\n\n<p>Nuestros tours se agotan muy r\u00e1pido, no solo porque nuestros lectores conf\u00edan en el saber hacer de <a href=\"https:\/\/againstthecompass.com\/es\" target=\"_blank\" rel=\"noreferrer noopener\"><strong>Against the Compass<\/strong><\/a>, sino tambi\u00e9n porque logramos aplicar un modelo \u00fanico, diferente de todas las agencias de viaje ordinarias.<\/p>\n\n\n\n<p>Aqu\u00ed tienes <strong>7 razones<\/strong> por las que nuestros tours son tan \u00fanicos:<\/p>\n\n\n\n<h4 class=\"wp-block-heading\"><mark style=\"background-color:rgba(0, 0, 0, 0);color:#31551d\" class=\"has-inline-color\"><i class=\"fas fa-coffee\"><\/i><\/mark>Creemos en el viaje con calma<\/h4>\n\n\n\n<p>Como mochilero independiente de larga duraci\u00f3n, s\u00e9 que para exprimir al m\u00e1ximo la experiencia de viajar, hay que hacerlo con calma, no visitar los lugares con prisas, sino tom\u00e1ndote tu tiempo para empaparte del lugar y hablando con los lugare\u00f1os.<\/p>\n\n\n\n<p>Si bien es cierto que formar\u00e1s parte de un tour, y por lo tanto siempre iremos de un destino a otro, siempre nos tomamos nuestro tiempo, para que la gente pueda hacer todas las fotos que deseen e interact\u00faen con la gente del lugar.<\/p>\n\n\n\n<p>Preferimos visitar menos lugares, pero disfrut\u00e1ndolos al m\u00e1ximo, y por ello nuestros viajeros nunca sienten ning\u00fan agobio. <\/p>\n\n\n\n<h4 class=\"wp-block-heading\"><mark style=\"background-color:rgba(0, 0, 0, 0);color:#31551d\" class=\"has-inline-color\"><i class=\"fas fa-star-and-crescent\"><\/i><\/mark> Nos centramos en las personas y en la cultura<\/h4>\n\n\n\n<p>Desde almorzar en un restaurante local rodeado de lugare\u00f1os hasta pasar el rato en un parque disfrutando de la vida cotidiana del lugar u organizar una comida en casa de alguien, en nuestras expediciones nunca falta el toque humano, porque ese es el aspecto m\u00e1s importante de un viaje. <\/p>\n\n\n\n<h4 class=\"wp-block-heading\"><mark style=\"background-color:rgba(0, 0, 0, 0);color:#31551d\" class=\"has-inline-color\"><i class=\"fas fa-surprise\"><\/i><\/mark> Intentamos realizar actividades de valor incalculable<\/h4>\n\n\n\n<p>Experiencias que ser\u00edan muy dif\u00edciles de organizar al viajar de forma independiente.<\/p>\n\n\n\n<p>Formas parte de un tour, pero no queremos que sientas que est\u00e1s en un tour, por eso realizamos cosas que ser\u00edan pr\u00e1cticamente imposibles de hacer si viajaras solo. Por ejemplo:<\/p>\n\n\n\n<p>En Kurdist\u00e1n, pasamos un d\u00eda entero con n\u00f3madas de verdad.<\/p>\n\n\n\n<p>En Irak, visitamos <a href=\"https:\/\/againstthecompass.com\/es\/visita-mosul-tras-liberacion\/\" target=\"_blank\" rel=\"noreferrer noopener\"><strong>Mosul<\/strong><\/a> con miembros del equipo de la UNESCO, que actualmente est\u00e1n reconstruyendo los monumentos m\u00e1s importantes, destruidos durante la liberaci\u00f3n del ISIS.<\/p>\n\n\n\n<p>Todas son actividades \u00fanicas y valios\u00edsimas ofrecidas en exclusiva por Against the Compass.<\/p>\n\n\n\n<h4 class=\"wp-block-heading\"><mark style=\"background-color:rgba(0, 0, 0, 0);color:#31551d\" class=\"has-inline-color\"><i class=\"fas fa-user-graduate\"><\/i><\/mark>Solo trabajamos con gu\u00edas locales e independientes<\/h4>\n\n\n\n<p>Muy importante. <\/p>\n\n\n\n<p>Todas las personas con las que trabajamos son gu\u00edas independientes o peque\u00f1os grupos compuestos exclusivamente por gente local, siempre grandes profesionales que han sido cuidadosamente seleccionados durante nuestras visitas anteriores al pa\u00eds. <\/p>\n\n\n\n<h4 class=\"wp-block-heading\"><mark style=\"background-color:rgba(0, 0, 0, 0);color:#31551d\" class=\"has-inline-color\"><i class=\"fas fa-grin-hearts\"><\/i><\/mark>Nos gusta crear familias de viaje<\/h4>\n\n\n\n<p>Tanto el destino en s\u00ed como la forma de visitarlo son muy importantes, pero tambi\u00e9n creemos que las personas con las que viajas, tus compa\u00f1eros de viaje, tambi\u00e9n contribuyen a la experiencia, as\u00ed que \u00a1siempre intentamos que te diviertas en nuestros grupos!<\/p>\n\n\n\n<h4 class=\"wp-block-heading\"><mark style=\"background-color:rgba(0, 0, 0, 0);color:#31551d\" class=\"has-inline-color\"><i class=\"fas fa-piggy-bank\"><\/i><\/mark>Nuestros tours son asequibles<\/h4>\n\n\n\n<p>Podemos confirmar sin ninguna duda que nuestros tours poseen algunas de las tarifas m\u00e1s bajas del mercado, la mejor opci\u00f3n calidad-precio. <\/p>\n\n\n\n<p>Y es por estos motivos que siempre tenemos un alto porcentaje de repetidores en nuestras expediciones.<\/p>\n<\/div>\n\n\n\n<div class=\"wp-block-column is-layout-flow wp-block-column-is-layout-flow\" style=\"flex-basis:15%\"><\/div>\n<\/div>\n\n\n\n<div class=\"wp-block-buttons is-content-justification-center is-layout-flex wp-container-core-buttons-is-layout-a89b3969 wp-block-buttons-is-layout-flex\">\n<div class=\"wp-block-button has-custom-width wp-block-button__width-75 aligncenter\"><a class=\"wp-block-button__link has-background wp-element-button\" href=\"https:\/\/expeditions.againstthecompass.com\/es\/?page_id=2218\" style=\"background-color:#31541d\"><span style=\"text-decoration: underline;\">CONSULTAR TODOS NUESTROS TOURS<\/span><\/a><\/div>\n<\/div>\n\n\n\n<hr class=\"wp-block-separator has-alpha-channel-opacity\"\/>\n\n\n\n<h2 class=\"wp-block-heading has-text-align-center\">No solo te lo contamos, te lo demostramos: \u00bfqu\u00e9 dice la gente de nosotros?<\/h2>\n\n\n\n<p class=\"has-text-align-center\">Nos orgullece mucho decir que nuestras expediciones cuentan con el 100% de satisfacci\u00f3n de nuestros clientes, como puedes ver en nuestras rese\u00f1as de 5 estrellas verificadas por Google.<\/p>\n\n\n<div class=\"wp-block-image is-resized\">\n<figure class=\"aligncenter size-full\"><img loading=\"lazy\" decoding=\"async\" width=\"300\" height=\"150\" src=\"https:\/\/expeditions.againstthecompass.com\/wp-content\/uploads\/2022\/09\/google-reviews.png\" alt=\"\" class=\"wp-image-418\"\/><\/figure>\n<\/div>\n\n<p><script defer=\"\" async=\"\" src=\"https:\/\/cdn.trustindex.io\/loader.js?65b146b138e600357086f042a55\"><\/script><\/p>\n\n\n\n<div style=\"height:35px\" aria-hidden=\"true\" class=\"wp-block-spacer\"><\/div>\n\n\n\n<iframe loading=\"lazy\" width=\"560\" height=\"315\" src=\"https:\/\/www.youtube.com\/embed\/VR_nVLt1yh8?si=9f4W_npEh3FedUN0\" title=\"YouTube video player\" frameborder=\"0\" allow=\"accelerometer; autoplay; clipboard-write; encrypted-media; gyroscope; picture-in-picture; web-share\" allowfullscreen><\/iframe>\n\n\n\n<hr class=\"wp-block-separator has-alpha-channel-opacity\"\/>\n\n\n\n<h2 class=\"wp-block-heading has-text-align-center\" style=\"text-transform:lowercase\">Nuestro Equipo en against the compass<\/h2>\n\n\n\n<div class=\"wp-block-columns is-layout-flex wp-container-core-columns-is-layout-28f84493 wp-block-columns-is-layout-flex\">\n<div class=\"wp-block-column is-layout-flow wp-block-column-is-layout-flow\"><\/div>\n\n\n\n<div class=\"wp-block-column is-layout-flow wp-block-column-is-layout-flow\" style=\"flex-basis:80%\">\n<p class=\"has-text-align-center has-normal-font-size\">Against the Compass est\u00e1 compuesto de un equipo de 6 personas, todas con un rol indespensable. <\/p>\n\n\n\n<div class=\"wp-block-columns is-layout-flex wp-container-core-columns-is-layout-28f84493 wp-block-columns-is-layout-flex\">\n<div class=\"wp-block-column is-layout-flow wp-block-column-is-layout-flow\"><div class=\"wp-block-image is-style-rounded\">\n<figure class=\"aligncenter size-full has-custom-border\"><picture><source srcset=\"https:\/\/expeditions.againstthecompass.com\/wp-content\/uploads\/2024\/04\/DSC05661-21.avif\" type=\"image\/avif\"><source srcset=\"https:\/\/expeditions.againstthecompass.com\/wp-content\/uploads\/2024\/04\/DSC05661-21.jpg\" type=\"image\/jpeg\"><img loading=\"lazy\" decoding=\"async\" src=\"https:\/\/expeditions.againstthecompass.com\/wp-content\/uploads\/2024\/04\/DSC05661-21.jpg\" alt class=\"wp-image-5016\" style=\"border-radius:7px\"><\/picture><\/figure>\n<\/div>\n\n\n<h5 class=\"wp-block-heading has-text-align-center has-text-color has-link-color has-normal-font-size wp-elements-5b16742ad744c3fd1210ddbef48d2fc3\" style=\"color:#31541d\">Joan Torres<\/h5>\n\n\n\n<p class=\"has-text-align-center\" style=\"font-size:14px\"><strong>Fundador<\/strong><\/p>\n<\/div>\n\n\n\n<div class=\"wp-block-column is-layout-flow wp-block-column-is-layout-flow\"><div class=\"wp-block-image\">\n<figure class=\"aligncenter size-full has-custom-border\"><picture><source srcset=\"https:\/\/expeditions.againstthecompass.com\/wp-content\/uploads\/2025\/01\/Rhenzy-Against-the-Compass.avif\" type=\"image\/avif\"><source srcset=\"https:\/\/expeditions.againstthecompass.com\/wp-content\/uploads\/2025\/01\/Rhenzy-Against-the-Compass.jpg\" type=\"image\/jpeg\"><img loading=\"lazy\" decoding=\"async\" src=\"https:\/\/expeditions.againstthecompass.com\/wp-content\/uploads\/2025\/01\/Rhenzy-Against-the-Compass.jpg\" alt=\"Rhenzy Against the Compass\" class=\"wp-image-6768\" style=\"border-radius:7px\"><\/picture><\/figure>\n<\/div>\n\n\n<h5 class=\"wp-block-heading has-text-align-center has-text-color has-link-color has-normal-font-size wp-elements-fc589718c141cf9c9b93e3a69c705ac0\" style=\"color:#31541d\">Rhenzy Caguioa<\/h5>\n\n\n\n<p class=\"has-text-align-center\" style=\"font-size:14px\"><strong><strong>Asistente Virtual<\/strong><\/strong><\/p>\n<\/div>\n\n\n\n<div class=\"wp-block-column is-layout-flow wp-block-column-is-layout-flow\"><div class=\"wp-block-image\">\n<figure class=\"aligncenter size-full has-custom-border\"><picture><source srcset=\"https:\/\/expeditions.againstthecompass.com\/wp-content\/uploads\/2025\/06\/Tamara_ATC-pic1.avif\" type=\"image\/avif\"><source srcset=\"https:\/\/expeditions.againstthecompass.com\/wp-content\/uploads\/2025\/06\/Tamara_ATC-pic1.jpg\" type=\"image\/jpeg\"><img loading=\"lazy\" decoding=\"async\" src=\"https:\/\/expeditions.againstthecompass.com\/wp-content\/uploads\/2025\/06\/Tamara_ATC-pic1.jpg\" alt class=\"wp-image-8846\" style=\"border-radius:7px\"><\/picture><\/figure>\n<\/div>\n\n\n<h5 class=\"wp-block-heading has-text-align-center has-text-color has-link-color has-normal-font-size wp-elements-488bfdb7c1ec011896b1deb7be48f89f\" style=\"color:#31541d\">Tamara Garc\u00eda<\/h5>\n\n\n\n<p class=\"has-text-align-center\" style=\"font-size:14px\"><strong><strong>Brand Ambassador<\/strong><\/strong><\/p>\n<\/div>\n\n\n\n<div class=\"wp-block-column is-layout-flow wp-block-column-is-layout-flow\"><div class=\"wp-block-image\">\n<figure class=\"aligncenter size-full has-custom-border\"><picture><source srcset=\"https:\/\/expeditions.againstthecompass.com\/wp-content\/uploads\/2024\/04\/Oriol.avif\" type=\"image\/avif\"><source srcset=\"https:\/\/expeditions.againstthecompass.com\/wp-content\/uploads\/2024\/04\/Oriol.jpg\" type=\"image\/jpeg\"><img loading=\"lazy\" decoding=\"async\" src=\"https:\/\/expeditions.againstthecompass.com\/wp-content\/uploads\/2024\/04\/Oriol.jpg\" alt class=\"wp-image-4951\" style=\"border-radius:7px\"><\/picture><\/figure>\n<\/div>\n\n\n<h5 class=\"wp-block-heading has-text-align-center has-text-color has-link-color has-normal-font-size wp-elements-55b082752468b0b33dff21062d35cd00\" style=\"color:#31541d\">Oriol L\u00f3pez<\/h5>\n\n\n\n<p class=\"has-text-align-center\" style=\"font-size:14px\"><strong>Tour leader<\/strong><\/p>\n<\/div>\n\n\n\n<div class=\"wp-block-column is-layout-flow wp-block-column-is-layout-flow\"><div class=\"wp-block-image\">\n<figure class=\"aligncenter size-full has-custom-border\"><picture><source srcset=\"https:\/\/expeditions.againstthecompass.com\/wp-content\/uploads\/2024\/04\/Leti.avif\" type=\"image\/avif\"><source srcset=\"https:\/\/expeditions.againstthecompass.com\/wp-content\/uploads\/2024\/04\/Leti.jpg\" type=\"image\/jpeg\"><img loading=\"lazy\" decoding=\"async\" src=\"https:\/\/expeditions.againstthecompass.com\/wp-content\/uploads\/2024\/04\/Leti.jpg\" alt class=\"wp-image-4949\" style=\"border-radius:7px\"><\/picture><\/figure>\n<\/div>\n\n\n<h5 class=\"wp-block-heading has-text-align-center has-text-color has-link-color has-normal-font-size wp-elements-3ec348f6e37c21cfccd33ae39a047e54\" style=\"color:#31541d\">Leti Lagarda<\/h5>\n\n\n\n<p class=\"has-text-align-center\" style=\"font-size:14px\"><strong>Tour leader<\/strong><\/p>\n<\/div>\n\n\n\n<div class=\"wp-block-column is-layout-flow wp-block-column-is-layout-flow\"><div class=\"wp-block-image\">\n<figure class=\"aligncenter size-full\"><picture><source srcset=\"https:\/\/expeditions.againstthecompass.com\/wp-content\/uploads\/2025\/01\/Pau-Against-the-Compass.avif\" type=\"image\/avif\"><source srcset=\"https:\/\/expeditions.againstthecompass.com\/wp-content\/uploads\/2025\/01\/Pau-Against-the-Compass.jpg\" type=\"image\/jpeg\"><img loading=\"lazy\" decoding=\"async\" src=\"https:\/\/expeditions.againstthecompass.com\/wp-content\/uploads\/2025\/01\/Pau-Against-the-Compass.jpg\" alt=\"Pau Against the Compass\" class=\"wp-image-6766\"><\/picture><\/figure>\n<\/div>\n\n\n<h5 class=\"wp-block-heading has-text-align-center has-text-color has-link-color has-normal-font-size wp-elements-bc5f61f45f1bd410abf2768863c86ad5\" style=\"color:#31541d\">Pau Valero<\/h5>\n\n\n\n<p class=\"has-text-align-center\" style=\"font-size:14px\"><strong><strong><strong>Tour leader<\/strong><\/strong><\/strong><\/p>\n<\/div>\n<\/div>\n<\/div>\n\n\n\n<div class=\"wp-block-column is-layout-flow wp-block-column-is-layout-flow\"><\/div>\n<\/div>\n\n\n\n<hr class=\"wp-block-separator has-alpha-channel-opacity\"\/>\n\n\n\n<h2 class=\"wp-block-heading has-text-align-center\"><mark style=\"background-color:rgba(0, 0, 0, 0);color:#31551d\" class=\"has-inline-color\"><i class=\"fas fa-envelope\"><\/i><\/mark> No te pierdas ni una novedad<\/h2>\n\n\n\n<p class=\"has-text-align-center\" style=\"font-size:22px\">Suscr\u00edbete a nuestro bolet\u00edn de noticias para enterarte de todos los tours que est\u00e1n por venir<\/p>\n\n\n<div class=\"convertkit-form wp-block-convertkit-form\" style=\"\"><script async data-uid=\"1b41c5ae94\" src=\"https:\/\/exceptional-creator-2216.kit.com\/1b41c5ae94\/index.js\" data-jetpack-boost=\"ignore\" data-no-defer=\"1\" nowprocket><\/script><\/div>\n\n\n<div style=\"height:44px\" aria-hidden=\"true\" class=\"wp-block-spacer\"><\/div>\n","protected":false},"excerpt":{"rendered":"<p>Somos una agencia de viajes \u00fanica EXPEDICIONES Against the Compass es una agencia de viajes con sede en Barcelona experta en llevar a grupos de viajeros a destinos muy ins\u00f3litos, en pa\u00edses como Siria, Irak o Mal\u00ed, por nombrar solo algunos, destinos que no suelen aparecer en la lista de deseos de la mayor\u00eda de [&hellip;]<\/p>\n","protected":false},"author":1,"featured_media":10886,"parent":0,"menu_order":0,"comment_status":"closed","ping_status":"closed","template":"","meta":{"_acf_changed":false,"footnotes":""},"class_list":["post-2246","page","type-page","status-publish","has-post-thumbnail","hentry"],"acf":[],"_links":{"self":[{"href":"https:\/\/expeditions.againstthecompass.com\/es\/wp-json\/wp\/v2\/pages\/2246","targetHints":{"allow":["GET"]}}],"collection":[{"href":"https:\/\/expeditions.againstthecompass.com\/es\/wp-json\/wp\/v2\/pages"}],"about":[{"href":"https:\/\/expeditions.againstthecompass.com\/es\/wp-json\/wp\/v2\/types\/page"}],"author":[{"embeddable":true,"href":"https:\/\/expeditions.againstthecompass.com\/es\/wp-json\/wp\/v2\/users\/1"}],"replies":[{"embeddable":true,"href":"https:\/\/expeditions.againstthecompass.com\/es\/wp-json\/wp\/v2\/comments?post=2246"}],"version-history":[{"count":5,"href":"https:\/\/expeditions.againstthecompass.com\/es\/wp-json\/wp\/v2\/pages\/2246\/revisions"}],"predecessor-version":[{"id":9421,"href":"https:\/\/expeditions.againstthecompass.com\/es\/wp-json\/wp\/v2\/pages\/2246\/revisions\/9421"}],"wp:featuredmedia":[{"embeddable":true,"href":"https:\/\/expeditions.againstthecompass.com\/es\/wp-json\/wp\/v2\/media\/10886"}],"wp:attachment":[{"href":"https:\/\/expeditions.againstthecompass.com\/es\/wp-json\/wp\/v2\/media?parent=2246"}],"curies":[{"name":"wp","href":"https:\/\/api.w.org\/{rel}","templated":true}]}}