{"id":2248,"date":"2022-07-29T13:21:15","date_gmt":"2022-07-29T13:21:15","guid":{"rendered":"https:\/\/expeditions.againstthecompass.com\/destinations\/"},"modified":"2025-03-12T14:27:12","modified_gmt":"2025-03-12T14:27:12","slug":"destinos","status":"publish","type":"page","link":"https:\/\/expeditions.againstthecompass.com\/es\/destinos\/","title":{"rendered":"Destinos"},"content":{"rendered":"\n<h3 class=\"wp-block-heading has-text-align-center\">\u00bfAd\u00f3nde te gustar\u00eda ir?<\/h3>\n\n\n\n<p class=\"has-text-align-center\" style=\"font-size:23px\">Aqu\u00ed encontrar\u00e1s una lista de todos los pa\u00edses para los que organizamos de forma regular expediciones en grupo. Todos son destinos \u00e9picos y totalmente inusuales, ninguno se salva \ud83d\ude09<\/p>\n\n\n\n\n\t<div id=\"container-destinations\" class=\"row row-cols-1 row-cols-sm-1 row-cols-md-2 row-cols-lg-2 row-cols-xl-3 g-4\">\n\t\t\t\t<div class=\"col mb-3\">\n\t\t\t<a href=\"https:\/\/expeditions.againstthecompass.com\/es\/destinations\/afganistan\/\">\n\t\t\t\t<div class=\"card destination-card h-100\">\n\t\t\t\t\t<picture><source srcset=\"https:\/\/expeditions.againstthecompass.com\/wp-content\/uploads\/2023\/02\/DSC_68551.avif\" type=\"image\/avif\"><source srcset=\"https:\/\/expeditions.againstthecompass.com\/wp-content\/uploads\/2023\/02\/DSC_68551.jpg\" type=\"image\/jpeg\"><img decoding=\"async\" src=\"https:\/\/expeditions.againstthecompass.com\/wp-content\/uploads\/2023\/02\/DSC_68551.jpg\" class=\"card-img-top\" loading=\"lazy\" alt><\/picture>\n\t\t\t\t\t<div class=\"location-holder\">\n\t\t\t\t\t\t<span class=\"location\">Afganist\u00e1n<\/span>\n\t\t\t\t\t<\/div>\n\t\t\t\t<\/div>\n\t\t\t<\/a>\n\t\t<\/div>\n\t\t\t<div class=\"col mb-3\">\n\t\t\t<a href=\"https:\/\/expeditions.againstthecompass.com\/es\/destinations\/argelia-es\/\">\n\t\t\t\t<div class=\"card destination-card h-100\">\n\t\t\t\t\t<picture><source srcset=\"https:\/\/expeditions.againstthecompass.com\/wp-content\/uploads\/2026\/02\/DSC04076.avif\" type=\"image\/avif\"><source srcset=\"https:\/\/expeditions.againstthecompass.com\/wp-content\/uploads\/2026\/02\/DSC04076.jpg\" type=\"image\/jpeg\"><img decoding=\"async\" src=\"https:\/\/expeditions.againstthecompass.com\/wp-content\/uploads\/2026\/02\/DSC04076.jpg\" class=\"card-img-top\" loading=\"lazy\" alt=\"DSC04077(1)\"><\/picture>\n\t\t\t\t\t<div class=\"location-holder\">\n\t\t\t\t\t\t<span class=\"location\">Argelia<\/span>\n\t\t\t\t\t<\/div>\n\t\t\t\t<\/div>\n\t\t\t<\/a>\n\t\t<\/div>\n\t\t\t<div class=\"col mb-3\">\n\t\t\t<a href=\"https:\/\/expeditions.againstthecompass.com\/es\/destinations\/eritrea\/\">\n\t\t\t\t<div class=\"card destination-card h-100\">\n\t\t\t\t\t<picture><source srcset=\"https:\/\/expeditions.againstthecompass.com\/wp-content\/uploads\/2023\/10\/P1300660_11.avif\" type=\"image\/avif\"><source srcset=\"https:\/\/expeditions.againstthecompass.com\/wp-content\/uploads\/2023\/10\/P1300660_11.jpg\" type=\"image\/jpeg\"><img decoding=\"async\" src=\"https:\/\/expeditions.againstthecompass.com\/wp-content\/uploads\/2023\/10\/P1300660_11.jpg\" class=\"card-img-top\" loading=\"lazy\" alt=\"Eritrea expedition\"><\/picture>\n\t\t\t\t\t<div class=\"location-holder\">\n\t\t\t\t\t\t<span class=\"location\">Eritrea<\/span>\n\t\t\t\t\t<\/div>\n\t\t\t\t<\/div>\n\t\t\t<\/a>\n\t\t<\/div>\n\t\t\t<div class=\"col mb-3\">\n\t\t\t<a href=\"https:\/\/expeditions.againstthecompass.com\/es\/destinations\/irak-federal\/\">\n\t\t\t\t<div class=\"card destination-card h-100\">\n\t\t\t\t\t<picture><source srcset=\"https:\/\/expeditions.againstthecompass.com\/wp-content\/uploads\/2022\/08\/DSC_8353.avif\" type=\"image\/avif\"><source srcset=\"https:\/\/expeditions.againstthecompass.com\/wp-content\/uploads\/2022\/08\/DSC_8353.jpg\" type=\"image\/jpeg\"><img decoding=\"async\" src=\"https:\/\/expeditions.againstthecompass.com\/wp-content\/uploads\/2022\/08\/DSC_8353.jpg\" class=\"card-img-top\" loading=\"lazy\" alt><\/picture>\n\t\t\t\t\t<div class=\"location-holder\">\n\t\t\t\t\t\t<span class=\"location\">Irak<\/span>\n\t\t\t\t\t<\/div>\n\t\t\t\t<\/div>\n\t\t\t<\/a>\n\t\t<\/div>\n\t\t\t<div class=\"col mb-3\">\n\t\t\t<a href=\"https:\/\/expeditions.againstthecompass.com\/es\/destinations\/kazajistan\/\">\n\t\t\t\t<div class=\"card destination-card h-100\">\n\t\t\t\t\t<picture><source srcset=\"https:\/\/expeditions.againstthecompass.com\/wp-content\/uploads\/2024\/10\/Kazakhstan-featured.avif\" type=\"image\/avif\"><source srcset=\"https:\/\/expeditions.againstthecompass.com\/wp-content\/uploads\/2024\/10\/Kazakhstan-featured.jpg\" type=\"image\/jpeg\"><img decoding=\"async\" src=\"https:\/\/expeditions.againstthecompass.com\/wp-content\/uploads\/2024\/10\/Kazakhstan-featured.jpg\" class=\"card-img-top\" loading=\"lazy\" alt><\/picture>\n\t\t\t\t\t<div class=\"location-holder\">\n\t\t\t\t\t\t<span class=\"location\">Kazajist\u00e1n<\/span>\n\t\t\t\t\t<\/div>\n\t\t\t\t<\/div>\n\t\t\t<\/a>\n\t\t<\/div>\n\t\t\t<div class=\"col mb-3\">\n\t\t\t<a href=\"https:\/\/expeditions.againstthecompass.com\/es\/destinations\/libia\/\">\n\t\t\t\t<div class=\"card destination-card h-100\">\n\t\t\t\t\t<picture><source srcset=\"https:\/\/expeditions.againstthecompass.com\/wp-content\/uploads\/2022\/08\/DSC_92052.avif\" type=\"image\/avif\"><source srcset=\"https:\/\/expeditions.againstthecompass.com\/wp-content\/uploads\/2022\/08\/DSC_92052.jpg\" type=\"image\/jpeg\"><img decoding=\"async\" src=\"https:\/\/expeditions.againstthecompass.com\/wp-content\/uploads\/2022\/08\/DSC_92052.jpg\" class=\"card-img-top\" loading=\"lazy\" alt><\/picture>\n\t\t\t\t\t<div class=\"location-holder\">\n\t\t\t\t\t\t<span class=\"location\">Libia<\/span>\n\t\t\t\t\t<\/div>\n\t\t\t\t<\/div>\n\t\t\t<\/a>\n\t\t<\/div>\n\t\t\t<div class=\"col mb-3\">\n\t\t\t<a href=\"https:\/\/expeditions.againstthecompass.com\/es\/destinations\/mauritania\/\">\n\t\t\t\t<div class=\"card destination-card h-100\">\n\t\t\t\t\t<picture><source srcset=\"https:\/\/expeditions.againstthecompass.com\/wp-content\/uploads\/2022\/08\/DSC_47391.avif\" type=\"image\/avif\"><source srcset=\"https:\/\/expeditions.againstthecompass.com\/wp-content\/uploads\/2022\/08\/DSC_47391.jpg\" type=\"image\/jpeg\"><img decoding=\"async\" src=\"https:\/\/expeditions.againstthecompass.com\/wp-content\/uploads\/2022\/08\/DSC_47391.jpg\" class=\"card-img-top\" loading=\"lazy\" alt><\/picture>\n\t\t\t\t\t<div class=\"location-holder\">\n\t\t\t\t\t\t<span class=\"location\">Mauritania<\/span>\n\t\t\t\t\t<\/div>\n\t\t\t\t<\/div>\n\t\t\t<\/a>\n\t\t<\/div>\n\t\t\t<div class=\"col mb-3\">\n\t\t\t<a href=\"https:\/\/expeditions.againstthecompass.com\/es\/destinations\/mongolia-es\/\">\n\t\t\t\t<div class=\"card destination-card h-100\">\n\t\t\t\t\t<picture><source srcset=\"https:\/\/expeditions.againstthecompass.com\/wp-content\/uploads\/2025\/08\/Mongolia-cover-destination-page.avif\" type=\"image\/avif\"><source srcset=\"https:\/\/expeditions.againstthecompass.com\/wp-content\/uploads\/2025\/08\/Mongolia-cover-destination-page.jpg\" type=\"image\/jpeg\"><img decoding=\"async\" src=\"https:\/\/expeditions.againstthecompass.com\/wp-content\/uploads\/2025\/08\/Mongolia-cover-destination-page.jpg\" class=\"card-img-top\" loading=\"lazy\" alt><\/picture>\n\t\t\t\t\t<div class=\"location-holder\">\n\t\t\t\t\t\t<span class=\"location\">Mongolia<\/span>\n\t\t\t\t\t<\/div>\n\t\t\t\t<\/div>\n\t\t\t<\/a>\n\t\t<\/div>\n\t\t\t<div class=\"col mb-3\">\n\t\t\t<a href=\"https:\/\/expeditions.againstthecompass.com\/es\/destinations\/pakistan-es\/\">\n\t\t\t\t<div class=\"card destination-card h-100\">\n\t\t\t\t\t<picture><source srcset=\"https:\/\/expeditions.againstthecompass.com\/wp-content\/uploads\/2022\/10\/DSC_0894.avif\" type=\"image\/avif\"><source srcset=\"https:\/\/expeditions.againstthecompass.com\/wp-content\/uploads\/2022\/10\/DSC_0894.jpg\" type=\"image\/jpeg\"><img decoding=\"async\" src=\"https:\/\/expeditions.againstthecompass.com\/wp-content\/uploads\/2022\/10\/DSC_0894.jpg\" class=\"card-img-top\" loading=\"lazy\" alt=\"Gira por Pakist\u00e1n en primavera\"><\/picture>\n\t\t\t\t\t<div class=\"location-holder\">\n\t\t\t\t\t\t<span class=\"location\">Pakist\u00e1n<\/span>\n\t\t\t\t\t<\/div>\n\t\t\t\t<\/div>\n\t\t\t<\/a>\n\t\t<\/div>\n\t\t\t<div class=\"col mb-3\">\n\t\t\t<a href=\"https:\/\/expeditions.againstthecompass.com\/es\/destinations\/rusia-es\/\">\n\t\t\t\t<div class=\"card destination-card h-100\">\n\t\t\t\t\t<picture><source srcset=\"https:\/\/expeditions.againstthecompass.com\/wp-content\/uploads\/2025\/03\/DSC050821.avif\" type=\"image\/avif\"><source srcset=\"https:\/\/expeditions.againstthecompass.com\/wp-content\/uploads\/2025\/03\/DSC050821.jpg\" type=\"image\/jpeg\"><img decoding=\"async\" src=\"https:\/\/expeditions.againstthecompass.com\/wp-content\/uploads\/2025\/03\/DSC050821.jpg\" class=\"card-img-top\" loading=\"lazy\" alt><\/picture>\n\t\t\t\t\t<div class=\"location-holder\">\n\t\t\t\t\t\t<span class=\"location\">Rusia<\/span>\n\t\t\t\t\t<\/div>\n\t\t\t\t<\/div>\n\t\t\t<\/a>\n\t\t<\/div>\n\t\t\t<div class=\"col mb-3\">\n\t\t\t<a href=\"https:\/\/expeditions.againstthecompass.com\/es\/destinations\/sierra-leona-es\/\">\n\t\t\t\t<div class=\"card destination-card h-100\">\n\t\t\t\t\t<picture><source srcset=\"https:\/\/expeditions.againstthecompass.com\/wp-content\/uploads\/2026\/04\/featured.avif\" type=\"image\/avif\"><source srcset=\"https:\/\/expeditions.againstthecompass.com\/wp-content\/uploads\/2026\/04\/featured.jpg\" type=\"image\/jpeg\"><img decoding=\"async\" src=\"https:\/\/expeditions.againstthecompass.com\/wp-content\/uploads\/2026\/04\/featured.jpg\" class=\"card-img-top\" loading=\"lazy\" alt><\/picture>\n\t\t\t\t\t<div class=\"location-holder\">\n\t\t\t\t\t\t<span class=\"location\">Sierra Leona + Liberia<\/span>\n\t\t\t\t\t<\/div>\n\t\t\t\t<\/div>\n\t\t\t<\/a>\n\t\t<\/div>\n\t\t\t<div class=\"col mb-3\">\n\t\t\t<a href=\"https:\/\/expeditions.againstthecompass.com\/es\/destinations\/siria\/\">\n\t\t\t\t<div class=\"card destination-card h-100\">\n\t\t\t\t\t<picture><source srcset=\"https:\/\/expeditions.againstthecompass.com\/wp-content\/uploads\/2022\/07\/DSC_8780.avif\" type=\"image\/avif\"><source srcset=\"https:\/\/expeditions.againstthecompass.com\/wp-content\/uploads\/2022\/07\/DSC_8780.jpg\" type=\"image\/jpeg\"><img decoding=\"async\" src=\"https:\/\/expeditions.againstthecompass.com\/wp-content\/uploads\/2022\/07\/DSC_8780.jpg\" class=\"card-img-top\" loading=\"lazy\" alt=\"Malula\"><\/picture>\n\t\t\t\t\t<div class=\"location-holder\">\n\t\t\t\t\t\t<span class=\"location\">Siria<\/span>\n\t\t\t\t\t<\/div>\n\t\t\t\t<\/div>\n\t\t\t<\/a>\n\t\t<\/div>\n\t\t\t<div class=\"col mb-3\">\n\t\t\t<a href=\"https:\/\/expeditions.againstthecompass.com\/es\/destinations\/turkmenistan-es\/\">\n\t\t\t\t<div class=\"card destination-card h-100\">\n\t\t\t\t\t<picture><source srcset=\"https:\/\/expeditions.againstthecompass.com\/wp-content\/uploads\/2024\/04\/Featured.avif\" type=\"image\/avif\"><source srcset=\"https:\/\/expeditions.againstthecompass.com\/wp-content\/uploads\/2024\/04\/Featured.jpg\" type=\"image\/jpeg\"><img decoding=\"async\" src=\"https:\/\/expeditions.againstthecompass.com\/wp-content\/uploads\/2024\/04\/Featured.jpg\" class=\"card-img-top\" loading=\"lazy\" alt><\/picture>\n\t\t\t\t\t<div class=\"location-holder\">\n\t\t\t\t\t\t<span class=\"location\">Turkmenistan<\/span>\n\t\t\t\t\t<\/div>\n\t\t\t\t<\/div>\n\t\t\t<\/a>\n\t\t<\/div>\n\t\t\t<div class=\"col mb-3\">\n\t\t\t<a href=\"https:\/\/expeditions.againstthecompass.com\/es\/destinations\/yemen\/\">\n\t\t\t\t<div class=\"card destination-card h-100\">\n\t\t\t\t\t<picture><source srcset=\"https:\/\/expeditions.againstthecompass.com\/wp-content\/uploads\/2023\/03\/Yemen-Destination-Featured-Image.avif\" type=\"image\/avif\"><source srcset=\"https:\/\/expeditions.againstthecompass.com\/wp-content\/uploads\/2023\/03\/Yemen-Destination-Featured-Image.jpg\" type=\"image\/jpeg\"><img decoding=\"async\" src=\"https:\/\/expeditions.againstthecompass.com\/wp-content\/uploads\/2023\/03\/Yemen-Destination-Featured-Image.jpg\" class=\"card-img-top\" loading=\"lazy\" alt><\/picture>\n\t\t\t\t\t<div class=\"location-holder\">\n\t\t\t\t\t\t<span class=\"location\">Yemen<\/span>\n\t\t\t\t\t<\/div>\n\t\t\t\t<\/div>\n\t\t\t<\/a>\n\t\t<\/div>\n\t\t<\/div>\n\n\n\n","protected":false},"excerpt":{"rendered":"<p>\u00bfAd\u00f3nde te gustar\u00eda ir? Aqu\u00ed encontrar\u00e1s una lista de todos los pa\u00edses para los que organizamos de forma regular expediciones en grupo. Todos son destinos \u00e9picos y totalmente inusuales, ninguno se salva \ud83d\ude09<\/p>\n","protected":false},"author":1,"featured_media":2046,"parent":0,"menu_order":0,"comment_status":"closed","ping_status":"closed","template":"","meta":{"_acf_changed":false,"footnotes":""},"class_list":["post-2248","page","type-page","status-publish","has-post-thumbnail","hentry"],"acf":[],"_links":{"self":[{"href":"https:\/\/expeditions.againstthecompass.com\/es\/wp-json\/wp\/v2\/pages\/2248","targetHints":{"allow":["GET"]}}],"collection":[{"href":"https:\/\/expeditions.againstthecompass.com\/es\/wp-json\/wp\/v2\/pages"}],"about":[{"href":"https:\/\/expeditions.againstthecompass.com\/es\/wp-json\/wp\/v2\/types\/page"}],"author":[{"embeddable":true,"href":"https:\/\/expeditions.againstthecompass.com\/es\/wp-json\/wp\/v2\/users\/1"}],"replies":[{"embeddable":true,"href":"https:\/\/expeditions.againstthecompass.com\/es\/wp-json\/wp\/v2\/comments?post=2248"}],"version-history":[{"count":3,"href":"https:\/\/expeditions.againstthecompass.com\/es\/wp-json\/wp\/v2\/pages\/2248\/revisions"}],"predecessor-version":[{"id":7813,"href":"https:\/\/expeditions.againstthecompass.com\/es\/wp-json\/wp\/v2\/pages\/2248\/revisions\/7813"}],"wp:featuredmedia":[{"embeddable":true,"href":"https:\/\/expeditions.againstthecompass.com\/es\/wp-json\/wp\/v2\/media\/2046"}],"wp:attachment":[{"href":"https:\/\/expeditions.againstthecompass.com\/es\/wp-json\/wp\/v2\/media?parent=2248"}],"curies":[{"name":"wp","href":"https:\/\/api.w.org\/{rel}","templated":true}]}}