{"id":4703,"date":"2025-06-13T10:03:16","date_gmt":"2025-06-13T10:03:16","guid":{"rendered":"https:\/\/expeditions.againstthecompass.com\/?page_id=4703"},"modified":"2026-03-25T12:45:04","modified_gmt":"2026-03-25T12:45:04","slug":"faq-kurdistan-es","status":"publish","type":"page","link":"https:\/\/expeditions.againstthecompass.com\/es\/faq-kurdistan-es\/","title":{"rendered":"FAQ Kurdist\u00e1n"},"content":{"rendered":"\n<h2 class=\"wp-block-heading\"><i class=\"fas fa-bed\"><\/i> Alojamiento<\/h2>\n\n\n\n<h4 class=\"wp-block-heading has-text-color has-link-color wp-elements-43ebe36679f280a0836fef9d1fb8abe3\" style=\"color:#31541d\">\u00bfEn qu\u00e9 hoteles nos alojaremos?<\/h4>\n\n\n\n<p>Aqu\u00ed tienes la lista de hoteles, siempre sujetos a disponibilidad.<\/p>\n\n\n\n<p><em>Recuerda que algunos itinerarios por pa\u00eds pueden no incluir todas las ciudades mencionadas a continuaci\u00f3n.<\/em><\/p>\n\n\n\n<ul class=\"wp-block-list\">\n<li><strong>Erbil:<\/strong> <a href=\"https:\/\/maps.app.goo.gl\/gCW5wav2HLvck4Po7\" target=\"_blank\" rel=\"noreferrer noopener\"><strong>Erbil View Hotel<\/strong><\/a><\/li>\n\n\n\n<li><strong>Duhok:<\/strong> <a href=\"https:\/\/maps.app.goo.gl\/pgVnZc6CGsEni7Ys5\" target=\"_blank\" rel=\"noreferrer noopener\"><strong>Kristal Hotel<\/strong><\/a><\/li>\n\n\n\n<li><strong>Sulimaniyah: <\/strong><a href=\"https:\/\/maps.app.goo.gl\/YK5pTojfg51dfPb69\" target=\"_blank\" rel=\"noreferrer noopener\"><strong>Khan Saray<\/strong><\/a><\/li>\n\n\n\n<li><strong>Kirkuk: <\/strong><a href=\"https:\/\/maps.app.goo.gl\/tbHkjtXrRNfeQNep9\" target=\"_blank\" rel=\"noreferrer noopener\"><strong>Altun Saray<\/strong><\/a><\/li>\n\n\n\n<li><strong>Shush: local homestay<\/strong><\/li>\n<\/ul>\n\n\n\n<h4 class=\"wp-block-heading has-text-color has-link-color wp-elements-6b459ba1c61b262fe6273082c8c98b92\" style=\"color:#31541d\">\u00bfC\u00f3mo funciona el tema de las habitaciones?<\/h4>\n\n\n\n<p>El precio del tour incluye alojamiento en una habitaci\u00f3n doble.<\/p>\n\n\n\n<p>Si viajas solo\/a, compartir\u00e1s habitaci\u00f3n con otro\/a viajero\/a del grupo. <span style=\"text-decoration: underline;\">Ten en cuenta<\/span>: siempre tratamos de agrupar a personas del mismo sexo y edad, pero recuerda que no siempre ser\u00e1 posible.<\/p>\n\n\n\n<p>Si quieres habitaci\u00f3n individual, tendr\u00e1s que pagar un suplemento individual<\/p>\n\n\n\n<h2 class=\"wp-block-heading\"><i class=\"fas fa-warning\"><\/i> Seguridad<\/h2>\n\n\n\n<h4 class=\"wp-block-heading has-text-color has-link-color wp-elements-615d09d27841236cbd97c7cfccd09e76\" style=\"color:#31551d\">AVISO: \u00bfEs seguro?<\/h4>\n\n\n\n<p><strong>Informaci\u00f3n sobre los riesgos y peligros del viaje:<\/strong><\/p>\n\n\n\n<p>Se informa expresamente al viajero que las actividades previstas en el itinerario del viaje son de aventura y\/o en zonas de conflicto, lo que entra\u00f1a peligros y implica el riesgo de lesiones f\u00edsicas, ps\u00edquicas y\/o muerte para el viajero.&nbsp;<\/p>\n\n\n\n<p>Por las caracter\u00edsticas del destino y\/o de las actividades, los riesgos y peligros concretos del viaje, son, con car\u00e1cter meramente enunciativo m\u00e1s no limitativo, los indicados a continuaci\u00f3n:&nbsp;<\/p>\n\n\n\n<p><em>Lesiones por la situaci\u00f3n pol\u00edtica en la regi\u00f3n, como terrorismo, disparos y balas perdidas en el \u00e1rea de actividad, conflictos armados, guerra, inestabilidad pol\u00edtica o tensiones sociales; detenciones arbitrarias; accidentes de transporte; exposici\u00f3n a delitos como robos, asaltos o extorsi\u00f3n; lesiones por la pr\u00e1ctica de actividades de riesgo, escalada en zonas monta\u00f1osas, senderismo y trekking, exploraci\u00f3n de cuevas o cavernas; aislamiento en \u00e1reas sin acceso a ayuda inmediata y falta de infraestructura; contracci\u00f3n de enfermedades infecciosas end\u00e9micas de la regi\u00f3n; contracci\u00f3n de enfermedades o infecciones por el consumo de agua contaminada; intoxicaciones alimentarias; lesiones por la exposici\u00f3n a condiciones clim\u00e1ticas extremas, incluyendo desorientaci\u00f3n, hipotermia, deshidrataci\u00f3n o golpes de calor; lesiones por las condiciones del terreno, tales como deslizamientos de tierra, avalanchas, suelos inestables o actividad s\u00edsmica; lesiones y\/o contracci\u00f3n de enfermedades e infecciones por mordeduras, ataques de fauna salvaje o picaduras, incluyendo mosquitos; lesiones y\/o contracci\u00f3n de enfermedades e infecciones por la flora end\u00e9mica de la regi\u00f3n.<\/em><\/p>\n\n\n\n<p>En relaci\u00f3n con la peligrosidad del destino, se recomienda al viajero consultar las recomendaciones de viajar en el pa\u00eds de destino facilitadas por el Ministerio de Asuntos Exteriores de su pa\u00eds. En el caso de Espa\u00f1a, dichas recomendaciones pueden consultarse seleccionando el pa\u00eds de destino en el siguiente enlace: <strong><a href=\"https:\/\/www.exteriores.gob.es\/es\/ServiciosAlCiudadano\/Paginas\/Detalle-recomendaciones-de-viaje.aspx?\ntrc=Irak\" target=\"_blank\" rel=\"noreferrer noopener nofollow\">https:\/\/www.exteriores.gob.es\/es\/ServiciosAlCiudadano\/Paginas\/Detalle-recomendaciones-de-viaje.aspx?<br>trc=Irak<\/a><\/strong><\/p>\n\n\n\n<p>En este sentido, el Ministerio de Asuntos Exteriores del Gobierno de Espa\u00f1a clasifica el pa\u00eds de destino como riesgo alto y recomienda evitar viajes de turismo o visitas innecesarias.<\/p>\n\n\n\n<p>De todos modos, se recuerda que, seg\u00fan el Ministerio de Asuntos Exteriores del Gobierno de Espa\u00f1a, ninguna regi\u00f3n del mundo y ning\u00fan pa\u00eds est\u00e1n a salvo de posibles actos terroristas.<\/p>\n\n\n\n<h4 class=\"wp-block-heading has-text-color has-link-color wp-elements-06082ee952e647412989fbe6e23fdb5e\" style=\"color:#31541d\">\u00bfNecesito un seguro de viaje?<\/h4>\n\n\n\n<p>S\u00ed. Si deseas unirte a cualquiera de nuestras expediciones, debes contratar un seguro de viaje.<\/p>\n\n\n\n<p>Recomendamos <strong><a href=\"http:\/\/www.iatiseguros.com\/?r=30867932099453&amp;cmp=faq_expedition_site_es\" target=\"_blank\" rel=\"noreferrer noopener nofollow sponsored\">IATI Seguros<\/a><\/strong>.<\/p>\n\n\n\n<h4 class=\"wp-block-heading has-text-color has-link-color wp-elements-8fc1d720db9187e182830d99352dec99\" style=\"color:#31541d\">\u00bfPor qu\u00e9 recomendamos IATI?<\/h4>\n\n\n\n<p>Against the Compass ha sido socio de IATI durante mucho tiempo. Conocemos a su director ejecutivo, al equipo de marketing y colaboramos mucho juntos, por lo que, en el improbable caso de que sucediera algo, sabr\u00edamos qu\u00e9 hacer.<\/p>\n\n\n\n<p>Adem\u00e1s, el seguro IATI cubre todos los pa\u00edses donde la FCDO desaconseja todos los viajes.<\/p>\n\n\n\n<p>Tambi\u00e9n puedes beneficiarte de un <strong>5 % de descuento<\/strong> si lo compras a trav\u00e9s del siguiente enlace.<\/p>\n\n\n\n<p><strong><a href=\"http:\/\/www.iatiseguros.com\/?r=30867932099453&amp;cmp=faq_expedition_site_es\" target=\"_blank\" rel=\"noreferrer noopener nofollow sponsored\">Solicita un presupuesto aqu\u00ed para reclamar tu descuento.<\/a><\/strong><\/p>\n\n\n\n<h4 class=\"wp-block-heading has-text-color has-link-color wp-elements-b263a9b8beabb8f1d07e4974a616c2ad\" style=\"color:#31541d\">\u00bfPuedo utilizar una compa\u00f1\u00eda diferente en lugar de IATI?<\/h4>\n\n\n\n<p>S\u00ed, puedes hacerlo, pero si no utilizas IATI, deber\u00e1s presentar un comprobante que demuestre que tu seguro de viaje cubre espec\u00edficamente este pa\u00eds.<\/p>\n\n\n\n<p>Ten en cuenta que las p\u00f3lizas con cobertura \u201cmundial\u201d&nbsp;no se aceptan&nbsp;como prueba.<\/p>\n\n\n\n<h2 class=\"wp-block-heading\"><i class=\"fas fa-passport\"><\/i> Visado<\/h2>\n\n\n\n<h4 class=\"wp-block-heading has-text-color has-link-color wp-elements-a9b33e3c2e887e9b5fd7d367331bd9d3\" style=\"color:#31551d\">\u00bfC\u00f3mo puedo obtener un visado?&nbsp;<\/h4>\n\n\n\n<p class=\"has-text-align-left\">Desde marzo de 2025, es recomendable solicitar un visado online antes de llegar al destino, se puede obtener en&nbsp;<strong><a href=\"https:\/\/visit.gov.krd\/\" target=\"_blank\" rel=\"noreferrer noopener nofollow\">este portal.<\/a><\/strong><\/p>\n\n\n\n<h4 class=\"wp-block-heading has-text-color has-link-color wp-elements-a63d3c570982a69a0bca1cb4d4414e7b\" style=\"color:#31551d\">\u00bfQu\u00e9 nacionalidades pueden optar a un visado electr\u00f3nico?<\/h4>\n\n\n\n<p>Uni\u00f3n Europea, Albania, Australia, Azerbaiy\u00e1n, Bar\u00e9in, Canad\u00e1, China, Ir\u00e1n, Jap\u00f3n, Jordania, Corea del Sur, Kuwait, L\u00edbano, Nueva Zelanda, Om\u00e1n, Catar, Rusia, Arabia Saud\u00ed, Turqu\u00eda, Reino Unido y Estados Unidos.<\/p>\n\n\n\n<h4 class=\"wp-block-heading has-text-color has-link-color wp-elements-8e3993285bb171f4e401ab5c5bc7347e\" style=\"color:#31551d\">\u00bfCu\u00e1nto cuesta el visado para Kurdist\u00e1n?<\/h4>\n\n\n\n<p>Cuesta 75 USD.<\/p>\n\n\n\n<h4 class=\"wp-block-heading has-text-color has-link-color wp-elements-24813a88e639d924df76a15167f20827\" style=\"color:#31551d\">\u00bfC\u00f3mo obtener un visado para Kurdist\u00e1n si tienes otra nacionalidad?<\/h4>\n\n\n\n<p>Si tu nacionalidad no est\u00e1 en la lista anterior, puedes obtener el visado a trav\u00e9s de las autoridades en Erbil. El coste es de 385 USD y deber\u00e1s pagar un dep\u00f3sito de 2500 USD, que ser\u00e1 reembolsado tras tu salida del pa\u00eds.<\/p>\n\n\n\n<p>En este caso, recomendamos llegar primero a Irak Federal y luego viajar a Kurdist\u00e1n, ya que el proceso ser\u00e1 m\u00e1s sencillo y econ\u00f3mico. Aqu\u00ed puedes leer c\u00f3mo obtener un visado para Irak Federal.<\/p>\n\n\n\n<h4 class=\"wp-block-heading has-text-color has-link-color wp-elements-7cbb1975d01fea38a81244b7cc678435\" style=\"color:#31551d\">\u00bfEs v\u00e1lido el visado de Kurdist\u00e1n para viajar por Irak Federal?<\/h4>\n\n\n\n<p>No, si quieres visitar Irak Federal tendr\u00e1s que obtener otro visado. Se puede obtener en\u00a0<strong><a href=\"https:\/\/eservice.evisa.iq\/\" target=\"_blank\" rel=\"noreferrer noopener\">este portal.<\/a><\/strong> En ese caso, te recomendamos comenzar tu viaje por Irak Federal, ya que ese visado s\u00ed ser\u00e1 v\u00e1lido para Kurdist\u00e1n.<\/p>\n\n\n\n<h2 class=\"wp-block-heading\"><i class=\"fas fa-plane\"><\/i> Log\u00edstica del pa\u00eds<\/h2>\n\n\n\n<h4 class=\"wp-block-heading has-text-color has-link-color wp-elements-c13a012b07b0bf99d9ce9a9a1ae7af0a\" style=\"color:#31551d\">\u00bfD\u00f3nde empiezan nuestras expediciones de Kurdist\u00e1n?<\/h4>\n\n\n\n<p class=\"has-text-align-left\">Nuestras expediciones comienzan en Erbil.<\/p>\n\n\n\n<h4 class=\"wp-block-heading has-text-color has-link-color wp-elements-a203de21903eaccf768953e0aa07cb1c\" style=\"color:#31551d\">\u00bfC\u00f3mo llegar a Erbil?<\/h4>\n\n\n\n<p class=\"has-primary-color has-text-color has-link-color wp-elements-507860a348a73c8227c00452eafaae12\">El Aeropuerto Internacional de Erbil (EBL) tiene muchas conexiones.<\/p>\n\n\n\n<p>Si vienes desde Europa, Estambul es la escala m\u00e1s habitual. Consulta Turkish Airlines o Pegasus, esta \u00faltima suele ser mucho m\u00e1s econ\u00f3mica.<br>Tambi\u00e9n hay vuelos directos desde pr\u00e1cticamente cualquier ciudad de Oriente Medio, como Dub\u00e1i, Doha, Beirut, Am\u00e1n o Riad. Puedes mirar Fly Dubai, Emirates, MEA, Qatar Airways o Royal Air Jordanian.<\/p>\n\n\n\n<p>Tambi\u00e9n es posible llegar por tierra desde Bagdad. Puedes contratar un transporte privado por unos 100 a 130 USD o tomar un taxi compartido por unos 30 USD.<\/p>\n\n\n\n<h4 class=\"wp-block-heading has-text-color has-link-color wp-elements-1b7b906afbe5d14b770dbc0ac681263a\" style=\"color:#31551d\">\u00bfC\u00f3mo funciona la llegada o cu\u00e1l es el punto de encuentro?<\/h4>\n\n\n\n<p class=\"has-text-align-left\">El d\u00eda que llegues a Erbil, te recogeremos en el aeropuerto sin importar la hora, incluso si llegas 1 o 2 d\u00edas antes del inicio del viaje.<\/p>\n\n\n\n<h4 class=\"wp-block-heading has-text-color has-link-color wp-elements-8b759728d12b0a696fe2bde38dcf7a02\" style=\"color:#31551d\">Proceso de llegada al aeropuerto de Erbil<\/h4>\n\n\n\n<p>Con el visado electr\u00f3nico (e-visa), el proceso es r\u00e1pido y sencillo. Solo tendr\u00e1s que mostrar tu e-visa impresa y recoger el sello en tu pasaporte. Tras pasar el control de fronteras, podr\u00e1s recoger tu equipaje. Despu\u00e9s, deber\u00e1s tomar un autob\u00fas que deja a todos los pasajeros en la zona de recepci\u00f3n. All\u00ed, un miembro del equipo local te estar\u00e1 esperando.<br>El equipo de <em>Against the Compass<\/em> te recibir\u00e1 directamente en tu hotel.<\/p>\n\n\n\n<p>Importante: solo los locales con un permiso especial pueden acceder a la terminal de llegadas, por lo que el personal de Against the Compass no podr\u00e1 recogerte dentro del aeropuerto.<\/p>\n\n\n\n<h4 class=\"wp-block-heading has-text-color has-link-color wp-elements-f02eb78c55a8cecc696ad7fbc32f6153\" style=\"color:#31551d\">\u00bfY si llego 1 o 2 noches antes? \u00bfC\u00f3mo reservo un hotel en Erbil?<\/h4>\n\n\n\n<p>La mayor\u00eda de los hoteles en Erbil se pueden reservar online. Si necesitas noches adicionales antes del inicio del viaje, puedes reservar directamente en <a href=\"https:\/\/www.booking.com\/?aid=1232728&amp;label=faq_expedition_es\" target=\"_blank\" rel=\"noreferrer noopener nofollow sponsored\"><strong>Booking.com<\/strong><\/a>.<\/p>\n\n\n\n<p>Nuestra recomendaci\u00f3n es el <strong><a href=\"https:\/\/maps.app.goo.gl\/gCW5wav2HLvck4Po7\" target=\"_blank\" rel=\"noreferrer noopener\">Erbil View Hotel<\/a><\/strong>.<\/p>\n\n\n\n<h4 class=\"wp-block-heading has-text-color has-link-color wp-elements-11cb9d4e8a0742ea3bbc2bba1a9e8b3f\" style=\"color:#31551d\">\u00bfC\u00f3mo funciona la salida?<\/h4>\n\n\n\n<p>Todos nuestros viajes terminan en Erbil.<\/p>\n\n\n\n<h4 class=\"wp-block-heading has-text-color has-link-color wp-elements-5e8a7b2bba4e5ee07cde6bb2afc75f0f\" style=\"color:#31551d\">\u00bfPuedo volver a Bagdad y volar desde all\u00ed?<\/h4>\n\n\n\n<p>Bueno, t\u00e9cnicamente puedes, s\u00ed, pero es muy inconveniente. En primer lugar, el viaje de Erbil a Bagdad dura entre 4 y 5 horas, y eso suponiendo que no haya tr\u00e1fico al entrar a Bagdad.<\/p>\n\n\n\n<p>Adem\u00e1s, el aeropuerto internacional de Erbil (EBL) tiene incluso m\u00e1s conexiones que Bagdad; incluso Lufthansa vuela a Erbil. &nbsp;<\/p>\n\n\n\n<h2 class=\"wp-block-heading\"><i class=\"fas fa-dollar-sign\"><\/i> Dinero<\/h2>\n\n\n\n<h4 class=\"wp-block-heading has-text-color has-link-color wp-elements-745bb9a25bbc71d8057bb8fe30b16d83\" style=\"color:#31541d\">\u00bfQu\u00e9 divisa puedo traer?<\/h4>\n\n\n\n<p>El d\u00f3lar y el euro se pueden cambiar pr\u00e1cticamente en todas partes, pero los iraqu\u00edes siempre preferir\u00e1n el d\u00f3lar.<\/p>\n\n\n\n<p>Si tienes d\u00f3lares, es importante recordar que ya no se acepta el antiguo billete de 100 (antes de 2009), sino s\u00f3lo aquel billete que tiene la l\u00ednea azul.<\/p>\n\n\n\n<h4 class=\"wp-block-heading has-text-color has-link-color wp-elements-a21cb4fb42303cc32cf6fae21b0f75a6\" style=\"color:#31541d\">\u00bfCuanto dinero necesitar\u00e9 para la expedici\u00f3n?<\/h4>\n\n\n\n<p>En nuestras expediciones est\u00e1 incluido todo menos una comida al d\u00eda, que suele ser la cena. Las bebidas adicionales tampoco est\u00e1n incluidas.<\/p>\n\n\n\n<p>Para eso, dudamos que necesites m\u00e1s de 20 USD por d\u00eda.<\/p>\n\n\n\n<h4 class=\"wp-block-heading has-text-color has-link-color wp-elements-c1d5e6b0d2db6782995b08dfb3669881\" style=\"color:#31541d\">\u00bfD\u00f3nde podemos cambiar dinero?<\/h4>\n\n\n\n<p>El d\u00eda 1 del viaje, te llevaremos a una oficina de cambio.<\/p>\n\n\n\n<p>Si te quedas sin moneda local durante el recorrido, nuestro equipo local tambi\u00e9n podr\u00e1 cambiar dinero por ti.<\/p>\n\n\n\n<h2 class=\"wp-block-heading has-primary-color has-text-color has-link-color wp-elements-8cf1644635a736e7006a10b055a0a58b\"><i class=\"fas fa-wifi\"><\/i> Internet y conectividad<\/h2>\n\n\n\n<h4 class=\"wp-block-heading has-text-color has-link-color wp-elements-d35ccb257916d6020a511f9ebb6a9682\" style=\"color:#31541d\">\u00bfC\u00f3mo es el Internet en Irak?<\/h4>\n\n\n\n<p>Hay Wi-Fi en los hoteles. No es el mejor Wi-Fi del mundo, pero la mayor\u00eda de las veces funciona relativamente bien.<\/p>\n\n\n\n<h4 class=\"wp-block-heading has-text-color has-link-color wp-elements-d0cdfd05854e121a61f8d40e82c93d62\" style=\"color:#31541d\">\u00bfPuedo conseguir una tarjeta SIM?<\/h4>\n\n\n\n<p>Obtener una tarjeta SIM es f\u00e1cil y los precios oscilan entre 10 y 30 USD, dependiendo del GB que compres. Podemos ayudarte a conseguir uno el d\u00eda 1 del tour.<\/p>\n\n\n\n<p>Alternativamente, tambi\u00e9n puedes comprar una e-SIM a trav\u00e9s de <a href=\"https:\/\/www.airalo.com\/\" data-type=\"link\" data-id=\"https:\/\/www.airalo.com\/\" target=\"_blank\" rel=\"noopener\"><strong>Airalo<\/strong><\/a>.<\/p>\n\n\n\n<h4 class=\"wp-block-heading has-text-color has-link-color wp-elements-71e8497a92a265d13c77d694b85c122a\" style=\"color:#31541d\">\u00bfQu\u00e9 toma de corriente utilizan?<\/h4>\n\n\n\n<p>En Irak usan a veces el Tipo C (Enchufe est\u00e1ndar europeo), otras veces el Tipo G (Enchufe est\u00e1ndar brit\u00e1nico).<\/p>\n\n\n\n<h4 class=\"wp-block-heading has-text-color has-link-color wp-elements-7bbaa0b0bb8b35a4ff1126d605765976\" style=\"color:#31541d\">\u00bfPuedo llevar un dron a Irak?<\/h4>\n\n\n\n<p>No, los drones no est\u00e1n permitidos. Por favor no lleves ninguno.<\/p>\n\n\n\n<h2 class=\"wp-block-heading has-primary-color has-text-color has-link-color wp-elements-01d772b0c6ce65df4b6408085130091a\"><i class=\"fas fa-suitcase\"><\/i> C\u00f3digo de vestimenta y recomendaciones<\/h2>\n\n\n\n<h4 class=\"wp-block-heading has-text-color has-link-color wp-elements-2024fb5f132d5137d3486357c289d2a7\" style=\"color:#31541d\">\u00bfCu\u00e1l es el c\u00f3digo de vestimenta para las mujeres?<\/h4>\n\n\n\n<p>En ciudades como Bagdad o Mosul, ver\u00e1s todo tipo de mujeres vistiendo de diferentes maneras, algunas de ellas bastante liberales, relativamente hablando.<\/p>\n\n\n\n<p>Sin embargo, para evitar atenci\u00f3n no deseada, v\u00edstete modestamente y lleva siempre contigo un pa\u00f1uelo en la cabeza, por si acaso.<\/p>\n\n\n\n<p>Para m\u00e1s informaci\u00f3n, puedes echar un vistazo <a href=\"https:\/\/againstthecompass.com\/en\/female-travel-iraq\/\" data-type=\"link\" data-id=\"https:\/\/againstthecompass.com\/en\/female-travel-iraq\/\"><strong>aqu\u00ed<\/strong><\/a><\/p>\n\n\n\n<h3 class=\"wp-block-heading has-text-color has-link-color wp-elements-7be37e6189680f5c4d57ba1c6de3c24b\" style=\"color:#31551d\">Recomendaciones de equipaje<\/h3>\n\n\n\n<p>En todos nuestos viajes a Irak, recomendamos:<\/p>\n\n\n\n<ul class=\"wp-block-list\">\n<li>Zapatos c\u00f3modos para caminar largas distancias<\/li>\n\n\n\n<li>Adaptador el\u00e9ctrico universal<\/li>\n\n\n\n<li>Bater\u00eda externa<\/li>\n\n\n\n<li>Protecci\u00f3n solar<\/li>\n\n\n\n<li>B\u00e1lsamo labial<\/li>\n\n\n\n<li>Gel hidroalcoh\u00f3lico<\/li>\n<\/ul>\n\n\n\n<p>En invierno, de Noviembre a Marzo<\/p>\n\n\n\n<ul class=\"wp-block-list\">\n<li>Ropa abrigada para las zonas del norte, la temperatura podr\u00eda bajar de los 0\u00baC<\/li>\n<\/ul>\n\n\n\n<p>Meses m\u00e1s c\u00e1lidos, de Abril a Octubre.<\/p>\n\n\n\n<ul class=\"wp-block-list\">\n<li>El tipo de ropa que llevar\u00edas a cualquier regi\u00f3n c\u00e1lida y des\u00e9rtica.<\/li>\n<\/ul>\n\n\n\n<h4 class=\"wp-block-heading has-text-color has-link-color wp-elements-9c7a3db72823ff2146ac415c121f8ce9\" style=\"color:#31541d\">Comida<\/h4>\n\n\n\n<p>Nos gusta llevarte a lugares remotos y aut\u00e9nticos, sin embargo, en ocasiones, un problema que puede surgir tras probar comidas locales a las que no se est\u00e1 acostumbrado, es dolor de est\u00f3mago o gastroenteritis. <\/p>\n\n\n\n<p>En el caso de ser propenso a tener problemas estomacales, o simplemente si quieres prevenir, te recomendamos llevar los medicamentos que&nbsp;utilices habitualmente para tratar estos s\u00edntomas, como omeprazol, probi\u00f3ticos, fortasec, etc.<\/p>\n\n\n\n<h2 class=\"wp-block-heading has-primary-color has-text-color has-link-color wp-elements-c42a82923d9a906540aec3e7bd405943\"><i class=\"fas fa-users\"><\/i> Otras cuestiones<\/h2>\n\n\n\n<h4 class=\"wp-block-heading has-text-color has-link-color wp-elements-d503d5fa86eda25c259480157ba0056b\" style=\"color:#31541d\">\u00bfCu\u00e1l es el tama\u00f1o del grupo?<\/h4>\n\n\n\n<p>Viajamos en grupos peque\u00f1os, de m\u00e1ximo 12-13 personas<\/p>\n\n\n\n<h4 class=\"wp-block-heading has-text-color has-link-color wp-elements-bd6b660c37c61fedb70055d6e860108c\" style=\"color:#31541d\">\u00bfCu\u00e1l es el n\u00famero m\u00ednimo de participantes?<\/h4>\n\n\n\n<p>El n\u00famero m\u00ednimo de participantes requerido para que el viaje programado pueda realizarse es de <strong>ocho (8) personas<\/strong>.<br><br>Si el n\u00famero de participantes inscritos para el viaje es inferior a este m\u00ednimo, el Organizador se reserva el derecho de cancelar el viaje. En tal caso, el Organizador reembolsar\u00e1 al viajero la totalidad de los pagos realizados, pero no ser\u00e1 responsable de ninguna compensaci\u00f3n adicional, incluidos (entre otros) los gastos relacionados con vuelos, visados, seguros de viaje, vacunaciones u otros costes en los que el viajero haya incurrido en relaci\u00f3n con el viaje.<br><br>El Organizador notificar\u00e1 al viajero dicha cancelaci\u00f3n con una antelaci\u00f3n m\u00ednima de cuarenta y cinco (45) d\u00edas antes del inicio previsto del viaje.<br><br>Si no se alcanza el n\u00famero m\u00ednimo de <strong>ocho (8) participantes<\/strong>, pero al menos <strong>cuatro (4) personas<\/strong> se han inscrito, el Organizador podr\u00e1, a su discreci\u00f3n, decidir llevar a cabo el viaje. En tales circunstancias, el grupo viajar\u00e1 sin el representante de Against the Compass (l\u00edder del viaje) y estar\u00e1 acompa\u00f1ado y asistido exclusivamente por el equipo local designado por el Organizador.<\/p>\n\n\n\n<h4 class=\"wp-block-heading has-text-color has-link-color wp-elements-9f572578c458d0f38287d7b9f7e8f3c9\" style=\"color:#31541d\">\u00bfCu\u00e1l es la pol\u00edtica de cancelaci\u00f3n?<\/h4>\n\n\n\n<p>El d<strong>ep\u00f3sito inicial<\/strong> no es reembolsable. No obstante, si el cliente cancela el viaje hasta cuarenta y cinco (45) d\u00edas antes de la fecha de inicio, el importe total abonado podr\u00e1 aplicarse como cr\u00e9dito para cualquier expedici\u00f3n futura a cualquier destino.<\/p>\n\n\n\n<p>El <strong>saldo restante <\/strong>podr\u00e1 abonarse por adelantado o en efectivo el d\u00eda 1 del tour. En ambos casos, el saldo restante es totalmente reembolsable.<\/p>\n\n\n\n<h4 class=\"wp-block-heading has-text-color has-link-color wp-elements-54c3a36ecc4b2ec41d38270bc666cd8d\" style=\"color:#31541d\">\u00bfNecesitas m\u00e1s informaci\u00f3n?<\/h4>\n\n\n\n<p>\u00c9chale un vistazo a nuestra <a href=\"https:\/\/againstthecompass.com\/es\/country\/irak\/\" data-type=\"link\" data-id=\"https:\/\/againstthecompass.com\/es\/country\/irak\/\"><strong>Gu\u00eda de Irak<\/strong><\/a><\/p>\n\n\n\n<p><\/p>\n","protected":false},"excerpt":{"rendered":"<p>Alojamiento \u00bfEn qu\u00e9 hoteles nos alojaremos? Aqu\u00ed tienes la lista de hoteles, siempre sujetos a disponibilidad. Recuerda que algunos itinerarios por pa\u00eds pueden no incluir todas las ciudades mencionadas a continuaci\u00f3n. \u00bfC\u00f3mo funciona el tema de las habitaciones? El precio del tour incluye alojamiento en una habitaci\u00f3n doble. Si viajas solo\/a, compartir\u00e1s habitaci\u00f3n con otro\/a [&hellip;]<\/p>\n","protected":false},"author":8,"featured_media":2125,"parent":0,"menu_order":0,"comment_status":"closed","ping_status":"closed","template":"","meta":{"_acf_changed":false,"footnotes":""},"class_list":["post-4703","page","type-page","status-publish","has-post-thumbnail","hentry"],"acf":[],"_links":{"self":[{"href":"https:\/\/expeditions.againstthecompass.com\/es\/wp-json\/wp\/v2\/pages\/4703","targetHints":{"allow":["GET"]}}],"collection":[{"href":"https:\/\/expeditions.againstthecompass.com\/es\/wp-json\/wp\/v2\/pages"}],"about":[{"href":"https:\/\/expeditions.againstthecompass.com\/es\/wp-json\/wp\/v2\/types\/page"}],"author":[{"embeddable":true,"href":"https:\/\/expeditions.againstthecompass.com\/es\/wp-json\/wp\/v2\/users\/8"}],"replies":[{"embeddable":true,"href":"https:\/\/expeditions.againstthecompass.com\/es\/wp-json\/wp\/v2\/comments?post=4703"}],"version-history":[{"count":4,"href":"https:\/\/expeditions.againstthecompass.com\/es\/wp-json\/wp\/v2\/pages\/4703\/revisions"}],"predecessor-version":[{"id":13287,"href":"https:\/\/expeditions.againstthecompass.com\/es\/wp-json\/wp\/v2\/pages\/4703\/revisions\/13287"}],"wp:featuredmedia":[{"embeddable":true,"href":"https:\/\/expeditions.againstthecompass.com\/es\/wp-json\/wp\/v2\/media\/2125"}],"wp:attachment":[{"href":"https:\/\/expeditions.againstthecompass.com\/es\/wp-json\/wp\/v2\/media?parent=4703"}],"curies":[{"name":"wp","href":"https:\/\/api.w.org\/{rel}","templated":true}]}}