{"id":5037,"date":"2024-04-29T11:17:46","date_gmt":"2024-04-29T11:17:46","guid":{"rendered":"https:\/\/expeditions.againstthecompass.com\/?page_id=5037"},"modified":"2026-03-26T18:39:59","modified_gmt":"2026-03-26T18:39:59","slug":"equipo","status":"publish","type":"page","link":"https:\/\/expeditions.againstthecompass.com\/es\/equipo\/","title":{"rendered":"Conoce al Equipo"},"content":{"rendered":"\n<div class=\"wp-block-columns is-layout-flex wp-container-core-columns-is-layout-28f84493 wp-block-columns-is-layout-flex\">\n<div class=\"wp-block-column is-layout-flow wp-block-column-is-layout-flow\"><\/div>\n\n\n\n<div class=\"wp-block-column is-layout-flow wp-block-column-is-layout-flow\" style=\"flex-basis:60%\">\n<p>Against the Compass empez\u00f3 como un simple blog de viajes en 2016, fundado por un mochilero humilde llamado Joan Torres. <\/p>\n\n\n\n<p>Hoy en d\u00eda, Joan sigue siendo un viajero humilde pero consigui\u00f3 que un sencillo blog de viajes se convirtiera en una de las principales empresas de viajes del mundo en la promoci\u00f3n del turismo en pa\u00edses como Siria, Irak o Afganist\u00e1n.<\/p>\n\n\n\n<p>Obviamente, no logr\u00f3 todo esto solo, sino que hay un equipo completo de personas y<br>viajeros incre\u00edbles que lo han ayudado enormemente a perseguir este sue\u00f1o.<\/p>\n\n\n\n<p>Aqu\u00ed quer\u00edamos presentarte al equipo completo detr\u00e1s de Against the Compass.<\/p>\n<\/div>\n\n\n\n<div class=\"wp-block-column is-layout-flow wp-block-column-is-layout-flow\"><\/div>\n<\/div>\n\n\n\n<div class=\"wp-block-group alignfull d-flex flex-column has-background\" style=\"background-color:#85ab86\"><div class=\"wp-block-group__inner-container is-layout-constrained wp-block-group-is-layout-constrained\">\n<div style=\"margin-bottom:30px;height:0px\" aria-hidden=\"true\" class=\"wp-block-spacer white-spacer mx-auto\"><\/div>\n\n\n\n<div class=\"wp-block-columns row flex-wrap max-cols-3 mw-100 is-layout-flex wp-container-core-columns-is-layout-28f84493 wp-block-columns-is-layout-flex\">\n<div class=\"wp-block-column col rounded-4 p-3 p-md-5 has-background is-layout-flow wp-block-column-is-layout-flow\" style=\"background-color:#f8fffb\">\n<p class=\"has-text-align-center has-text-color has-larger-font-size\" style=\"color:#31551d\"><\/p>\n\n\n<div class=\"wp-block-image is-style-rounded\">\n<figure class=\"aligncenter size-full has-custom-border\"><picture><source srcset=\"https:\/\/expeditions.againstthecompass.com\/wp-content\/uploads\/2024\/04\/DSC05661-21.avif\" type=\"image\/avif\"><source srcset=\"https:\/\/expeditions.againstthecompass.com\/wp-content\/uploads\/2024\/04\/DSC05661-21.jpg\" type=\"image\/jpeg\"><img decoding=\"async\" src=\"https:\/\/expeditions.againstthecompass.com\/wp-content\/uploads\/2024\/04\/DSC05661-21.jpg\" alt class=\"wp-image-5016\" style=\"border-radius:13px\"><\/picture><\/figure>\n<\/div>\n\n\n<h4 class=\"wp-block-heading has-text-align-center has-text-color\" style=\"color:#31551d\">Joan Torres<\/h4>\n\n\n\n<p class=\"has-text-align-center has-normal-font-size\"><strong>Fundador<\/strong><\/p>\n\n\n\n<p class=\"has-text-align-center\" style=\"font-size:16px\">Joan sol\u00eda hacerlo todo solo pero afortunadamente, gracias a un equipo incre\u00edble, ese ya no es el caso. En teor\u00eda, ahora se encarga de todo el marketing y la estrategia general de Against the Compass. Tambi\u00e9n crea todos los itinerarios y programa todos los pr\u00f3ximos recorridos. La gente le dice que tiene el trabajo m\u00e1s so\u00f1ado de todos los tiempos, pero al final del d\u00eda, se pasa gran parte de las horas al tel\u00e9fono resolviendo problemas y ocup\u00e1ndose de las finanzas. B\u00e1sicamente, est\u00e1 a cargo de la parte m\u00e1s aburrida de Against the Compass. Cuando tiene tiempo, todav\u00eda intenta liderar algunas expediciones, especialmente las m\u00e1s nuevas, mientras intenta disfrutar y pasar m\u00e1s tiempo con su peque\u00f1o beb\u00e9 James. Joan ahora reside en Barcelona.<\/p>\n<\/div>\n\n\n\n<div class=\"wp-block-column col rounded-4 p-3 p-md-5 has-background is-layout-flow wp-block-column-is-layout-flow\" style=\"background-color:#f8fffb\">\n<p class=\"has-text-align-center has-text-color has-larger-font-size\" style=\"color:#31551d\"><\/p>\n\n\n<div class=\"wp-block-image\">\n<figure class=\"aligncenter size-full has-custom-border\"><picture><source srcset=\"https:\/\/expeditions.againstthecompass.com\/wp-content\/uploads\/2025\/01\/Rhenzy-Against-the-Compass.avif\" type=\"image\/avif\"><source srcset=\"https:\/\/expeditions.againstthecompass.com\/wp-content\/uploads\/2025\/01\/Rhenzy-Against-the-Compass.jpg\" type=\"image\/jpeg\"><img decoding=\"async\" src=\"https:\/\/expeditions.againstthecompass.com\/wp-content\/uploads\/2025\/01\/Rhenzy-Against-the-Compass.jpg\" alt=\"Rhenzy Against the Compass\" class=\"wp-image-6768\" style=\"border-radius:13px\"><\/picture><\/figure>\n<\/div>\n\n\n<h4 class=\"wp-block-heading has-text-align-center has-text-color\" style=\"color:#31551d\">Rhenzy Caguioa<\/h4>\n\n\n\n<p class=\"has-text-align-center has-normal-font-size\"><strong><strong>Asistente Virtual<\/strong><\/strong><\/p>\n\n\n\n<p class=\"has-text-align-center\" style=\"font-size:16px\">Si no fuera por Rhenzy, Against the Compass ya no existir\u00eda. Rhenzy est\u00e1 a cargo de todo lo que tiene que ver con el backend de Against the Compass, el contenido que encuentras en la p\u00e1gina web. Desde publicar recorridos hasta actualizar la secci\u00f3n de preguntas frecuentes, gu\u00edas de viaje, itinerarios o agregar las rese\u00f1as respectivas en la p\u00e1gina web, se dedica a tiempo completo a hacer que Against the Compass se vea limpio y bonito para todos nuestros lectores y clientes. Rhenzy es de Manila, Filipinas y, como a todos los miembros del equipo ATC, tambi\u00e9n le apasiona viajar. Ha estado viajando por muchos lugares de Asia y ahora estamos esperando a que nos visite en Espa\u00f1a.<\/p>\n<\/div>\n\n\n\n<div class=\"wp-block-column col rounded-4 p-3 p-md-5 has-background is-layout-flow wp-block-column-is-layout-flow\" style=\"background-color:#f8fffb\">\n<p class=\"has-text-align-center has-text-color has-larger-font-size\" style=\"color:#31551d\"><\/p>\n\n\n<div class=\"wp-block-image\">\n<figure class=\"aligncenter size-full has-custom-border\"><picture><source srcset=\"https:\/\/expeditions.againstthecompass.com\/wp-content\/uploads\/2025\/06\/Tamara_ATC-pic1.avif\" type=\"image\/avif\"><source srcset=\"https:\/\/expeditions.againstthecompass.com\/wp-content\/uploads\/2025\/06\/Tamara_ATC-pic1.jpg\" type=\"image\/jpeg\"><img decoding=\"async\" src=\"https:\/\/expeditions.againstthecompass.com\/wp-content\/uploads\/2025\/06\/Tamara_ATC-pic1.jpg\" alt class=\"wp-image-8846\" style=\"border-radius:13px\"><\/picture><\/figure>\n<\/div>\n\n\n<h4 class=\"wp-block-heading has-text-align-center has-text-color\" style=\"color:#31551d\">Tamara Garc\u00eda<\/h4>\n\n\n\n<p class=\"has-text-align-center has-normal-font-size\"><strong><strong>Brand Ambassador<\/strong><\/strong><\/p>\n\n\n\n<p class=\"has-text-align-center\" style=\"font-size:16px\">Tamara es nuestra embajadora oficial de marca en Against the Compass y la persona que ha aceptado el enorme desaf\u00edo de organizar y ejecutar la log\u00edstica de las expediciones grupales a destinos fuera de lo com\u00fan: es decir, est\u00e1 detr\u00e1s de todos los emails y se encarga de fomentar el entusiasmo viajero antes de cada aventura. Es de Madrid, reside en Sevilla, ha vivido en 3 pa\u00edses y ha viajado por m\u00e1s de 85. A veces es dif\u00edcil saber en qu\u00e9 punto geogr\u00e1fico se encuentra. Apasionada de la fotograf\u00eda y de la comunicaci\u00f3n, aprovecha cada momento libre para vivir nuevas experiencias.<\/p>\n<\/div>\n<\/div>\n\n\n\n<div class=\"wp-block-columns row flex-wrap max-cols-4 mw-100 is-layout-flex wp-container-core-columns-is-layout-28f84493 wp-block-columns-is-layout-flex\">\n<div class=\"wp-block-column col rounded-4 p-3 p-md-5 has-background is-layout-flow wp-block-column-is-layout-flow\" style=\"background-color:#f8fffb\">\n<p class=\"has-text-align-center has-text-color has-larger-font-size\" style=\"color:#31551d\"><\/p>\n\n\n<div class=\"wp-block-image\">\n<figure class=\"aligncenter size-full has-custom-border\"><picture><source srcset=\"https:\/\/againstthecompass.com\/wp-content\/uploads\/2024\/04\/oriol11.avif\" type=\"image\/avif\"><source srcset=\"https:\/\/againstthecompass.com\/wp-content\/uploads\/2024\/04\/oriol11.jpg\" type=\"image\/jpeg\"><img loading=\"lazy\" decoding=\"async\" src=\"https:\/\/againstthecompass.com\/wp-content\/uploads\/2024\/04\/oriol11.jpg\" alt class=\"wp-image-50281\" style=\"border-radius:13px\"><\/picture><\/figure>\n<\/div>\n\n\n<h4 class=\"wp-block-heading has-text-align-center has-text-color\" style=\"color:#31551d\">Oriol L\u00f3pez<\/h4>\n\n\n\n<p class=\"has-text-align-center has-normal-font-size\"><strong>Tour Leader<\/strong><\/p>\n\n\n\n<p class=\"has-text-align-center\" style=\"font-size:16px\">Nadie en el equipo de Against the Compass ha viajado tanto como Oriol. Oriol es nuestra inspiraci\u00f3n de viajero, cuyas historias ya son una tradici\u00f3n en todas las expediciones que lidera. Viajando sin parar durante los \u00faltimos 25 a\u00f1os, visitando m\u00e1s de 130 pa\u00edses, visit\u00f3 Afganist\u00e1n en 2008 y tambi\u00e9n Mosul en 2010, poco antes de que ISIS tomara el poder. Oriol tambi\u00e9n es de Barcelona y lidera unas 12 expediciones al a\u00f1o.<\/p>\n<\/div>\n\n\n\n<div class=\"wp-block-column col rounded-4 p-3 p-md-5 has-background is-layout-flow wp-block-column-is-layout-flow\" style=\"background-color:#f8fffb\">\n<p class=\"has-text-align-center has-text-color has-larger-font-size\" style=\"color:#31551d\"><\/p>\n\n\n<div class=\"wp-block-image\">\n<figure class=\"aligncenter size-full has-custom-border\"><picture><source srcset=\"https:\/\/againstthecompass.com\/wp-content\/uploads\/2024\/04\/leti1.avif\" type=\"image\/avif\"><source srcset=\"https:\/\/againstthecompass.com\/wp-content\/uploads\/2024\/04\/leti1.jpg\" type=\"image\/jpeg\"><img loading=\"lazy\" decoding=\"async\" src=\"https:\/\/againstthecompass.com\/wp-content\/uploads\/2024\/04\/leti1.jpg\" alt class=\"wp-image-50279\" style=\"border-radius:13px\"><\/picture><\/figure>\n<\/div>\n\n\n<h4 class=\"wp-block-heading has-text-align-center has-text-color\" style=\"color:#31551d\">Leti Lagarda<\/h4>\n\n\n\n<p class=\"has-text-align-center has-normal-font-size\"><strong>Tour Leader<\/strong><\/p>\n\n\n\n<p class=\"has-text-align-center\" style=\"font-size:16px\">Leti es nuestra alma libre, la \u00fanica viajera oficial a tiempo completo de la familia. Realiza varios tours al a\u00f1o pero nunca sabemos desde d\u00f3nde volar\u00e1, puede ser desde cualquier lugar. Algo interesante sobre Leti es que ning\u00fan otro viajero extranjero en el mundo ha estado tantas veces en Siria desde 2011. Ha dirigido m\u00e1s de 12 expediciones all\u00ed, y a\u00fan sigue sumando. Nacida en la regi\u00f3n de Galicia, en el norte de Espa\u00f1a, Leti es una \u00e1vida mochilera y una viajera asombrosa, una de las pocas viajeras espa\u00f1olas que ha estado viajando con mochila y haciendo autostop sola por Pakist\u00e1n, Ir\u00e1n o Irak.<\/p>\n<\/div>\n<\/div>\n\n\n\n<div class=\"wp-block-columns row flex-wrap max-cols-4 mw-100 is-layout-flex wp-container-core-columns-is-layout-28f84493 wp-block-columns-is-layout-flex\">\n<div class=\"wp-block-column col rounded-4 p-3 p-md-5 has-background is-layout-flow wp-block-column-is-layout-flow\" style=\"background-color:#f8fffb\">\n<p class=\"has-text-align-center has-text-color has-larger-font-size\" style=\"color:#31551d\"><\/p>\n\n\n<div class=\"wp-block-image is-style-default\">\n<figure class=\"aligncenter size-full has-custom-border\"><picture><source srcset=\"https:\/\/expeditions.againstthecompass.com\/wp-content\/uploads\/2025\/01\/Pau-Against-the-Compass.avif\" type=\"image\/avif\"><source srcset=\"https:\/\/expeditions.againstthecompass.com\/wp-content\/uploads\/2025\/01\/Pau-Against-the-Compass.jpg\" type=\"image\/jpeg\"><img loading=\"lazy\" decoding=\"async\" src=\"https:\/\/expeditions.againstthecompass.com\/wp-content\/uploads\/2025\/01\/Pau-Against-the-Compass.jpg\" alt=\"Pau Against the Compass\" class=\"wp-image-6766\" style=\"border-radius:13px\"><\/picture><\/figure>\n<\/div>\n\n\n<h4 class=\"wp-block-heading has-text-align-center has-text-color\" style=\"color:#31551d\">Pau Valero<\/h4>\n\n\n\n<p class=\"has-text-align-center has-normal-font-size\"><strong><strong>Tour Leader<\/strong><\/strong><\/p>\n\n\n\n<p class=\"has-text-align-center\" style=\"font-size:16px\">Pau no solo es un tipo muy viajado, sino que es el l\u00edder de expediciones m\u00e1s experimentado del grupo, habiendo liderado m\u00e1s expediciones durante m\u00e1s de 8 a\u00f1os en diferentes continentes. Sin mencionar que es instructor de buceo, experto en arqueolog\u00eda y ha viajado a m\u00e1s de 100 pa\u00edses, lo que nos hace pensar que tal vez est\u00e9 incluso sobrecalificado para este trabajo \ud83d\ude09<\/p>\n<\/div>\n\n\n\n<div class=\"wp-block-column col rounded-4 p-3 p-md-5 has-background is-layout-flow wp-block-column-is-layout-flow\" style=\"background-color:#f8fffb\">\n<p class=\"has-text-align-center has-text-color has-larger-font-size\" style=\"color:#31551d\"><\/p>\n\n\n<div class=\"wp-block-image\">\n<figure class=\"aligncenter size-full has-custom-border\"><picture><source srcset=\"https:\/\/expeditions.againstthecompass.com\/wp-content\/uploads\/2026\/03\/Nicolo-Perazzo-against-the-compass.avif\" type=\"image\/avif\"><source srcset=\"https:\/\/expeditions.againstthecompass.com\/wp-content\/uploads\/2026\/03\/Nicolo-Perazzo-against-the-compass.jpg\" type=\"image\/jpeg\"><img loading=\"lazy\" decoding=\"async\" src=\"https:\/\/expeditions.againstthecompass.com\/wp-content\/uploads\/2026\/03\/Nicolo-Perazzo-against-the-compass.jpg\" alt class=\"wp-image-13398\" style=\"border-radius:13px\"><\/picture><\/figure>\n<\/div>\n\n\n<h4 class=\"wp-block-heading has-text-align-center has-text-color\" style=\"color:#31551d\">Nicol\u00f2 Perazzo<\/h4>\n\n\n\n<p class=\"has-text-align-center has-normal-font-size\"><strong>Tour Leader<\/strong><\/p>\n\n\n\n<p class=\"has-text-align-center\" style=\"font-size:16px\">Nicol\u00f2, un viajero curtido y gu\u00eda con much\u00edsima experiencia, cuenta con una s\u00f3lida formaci\u00f3n acad\u00e9mica en Filolog\u00eda \u00c1rabe y Estudios Isl\u00e1micos. Ha vivido en pa\u00edses como Yemen (San\u00e1 fue su hogar durante mucho tiempo), Jordania y Siria, lo que le convierte en la persona con m\u00e1s conocimientos sobre la regi\u00f3n de todo nuestro equipo. Con dominio del \u00e1rabe, as\u00ed como de varios otros idiomas, Nicol\u00f2 ha dedicado su carrera al mochileo y a guiar viajes por todo el mundo, con un enfoque en la inmersi\u00f3n cultural, las perspectivas locales y las experiencias que dejan una huella duradera.<\/p>\n<\/div>\n\n\n\n<div class=\"wp-block-column col rounded-4 p-3 p-md-5 has-background is-layout-flow wp-block-column-is-layout-flow\" style=\"background-color:#f8fffb\">\n<p class=\"has-text-align-center has-text-color has-larger-font-size\" style=\"color:#31551d\"><\/p>\n\n\n<div class=\"wp-block-image is-style-default\">\n<figure class=\"aligncenter size-full has-custom-border\"><picture><source srcset=\"https:\/\/expeditions.againstthecompass.com\/wp-content\/uploads\/2025\/10\/Kaye-against-the-compass.avif\" type=\"image\/avif\"><source srcset=\"https:\/\/expeditions.againstthecompass.com\/wp-content\/uploads\/2025\/10\/Kaye-against-the-compass.jpg\" type=\"image\/jpeg\"><img loading=\"lazy\" decoding=\"async\" src=\"https:\/\/expeditions.againstthecompass.com\/wp-content\/uploads\/2025\/10\/Kaye-against-the-compass.jpg\" alt class=\"wp-image-10335\" style=\"border-radius:13px\"><\/picture><\/figure>\n<\/div>\n\n\n<h4 class=\"wp-block-heading has-text-align-center has-text-color\" style=\"color:#31551d\">Crizalyn \u201cKaye\u201d Lumikid<\/h4>\n\n\n\n<p class=\"has-text-align-center has-normal-font-size\"><strong><strong>Gestora de redes sociales<\/strong><\/strong><\/p>\n\n\n\n<p class=\"has-text-align-center\" style=\"font-size:16px\">Kaye es la mente creativa detr\u00e1s de todas las redes sociales de Against the Compass. Desde la creaci\u00f3n de reels atractivos hasta el desarrollo de estrategias que mantienen el crecimiento de nuestra comunidad, es la encargada de asegurarse de que nuestras expediciones lleguen a viajeros de todo el mundo. Con base en D\u00e1vao (Filipinas), Kaye tambi\u00e9n ha viajado ampliamente por Asia y Oriente Medio, y sue\u00f1a con poner por fin un pie en Europa alg\u00fan d\u00eda\u2026 con suerte, en Espa\u00f1a.<\/p>\n<\/div>\n<\/div>\n<\/div><\/div>\n\n\n","protected":false},"excerpt":{"rendered":"<p>Against the Compass empez\u00f3 como un simple blog de viajes en 2016, fundado por un mochilero humilde llamado Joan Torres. Hoy en d\u00eda, Joan sigue siendo un viajero humilde pero consigui\u00f3 que un sencillo blog de viajes se convirtiera en una de las principales empresas de viajes del mundo en la promoci\u00f3n del turismo en [&hellip;]<\/p>\n","protected":false},"author":8,"featured_media":4955,"parent":0,"menu_order":0,"comment_status":"closed","ping_status":"closed","template":"","meta":{"_acf_changed":false,"footnotes":""},"class_list":["post-5037","page","type-page","status-publish","has-post-thumbnail","hentry"],"acf":[],"_links":{"self":[{"href":"https:\/\/expeditions.againstthecompass.com\/es\/wp-json\/wp\/v2\/pages\/5037","targetHints":{"allow":["GET"]}}],"collection":[{"href":"https:\/\/expeditions.againstthecompass.com\/es\/wp-json\/wp\/v2\/pages"}],"about":[{"href":"https:\/\/expeditions.againstthecompass.com\/es\/wp-json\/wp\/v2\/types\/page"}],"author":[{"embeddable":true,"href":"https:\/\/expeditions.againstthecompass.com\/es\/wp-json\/wp\/v2\/users\/8"}],"replies":[{"embeddable":true,"href":"https:\/\/expeditions.againstthecompass.com\/es\/wp-json\/wp\/v2\/comments?post=5037"}],"version-history":[{"count":5,"href":"https:\/\/expeditions.againstthecompass.com\/es\/wp-json\/wp\/v2\/pages\/5037\/revisions"}],"predecessor-version":[{"id":13401,"href":"https:\/\/expeditions.againstthecompass.com\/es\/wp-json\/wp\/v2\/pages\/5037\/revisions\/13401"}],"wp:featuredmedia":[{"embeddable":true,"href":"https:\/\/expeditions.againstthecompass.com\/es\/wp-json\/wp\/v2\/media\/4955"}],"wp:attachment":[{"href":"https:\/\/expeditions.againstthecompass.com\/es\/wp-json\/wp\/v2\/media?parent=5037"}],"curies":[{"name":"wp","href":"https:\/\/api.w.org\/{rel}","templated":true}]}}